{"id":9,"date":"2017-08-28T01:20:34","date_gmt":"2017-08-27T23:20:34","guid":{"rendered":"http:\/\/www.hpv-ev.org\/index.php\/ueber-uns\/ausserordentliche-mitglieder\/"},"modified":"2026-01-20T21:35:21","modified_gmt":"2026-01-20T20:35:21","slug":"ausserordentliche-mitglieder","status":"publish","type":"page","link":"https:\/\/www.hpv-ev.org\/index.php\/ueber-uns\/ausserordentliche-mitglieder\/","title":{"rendered":"Au\u00dferordentliche Mitglieder"},"content":{"rendered":"<h3>Au\u00dferordentliche Mitgliedsverb\u00e4nde (Fachverb\u00e4nde)<\/h3>\n<div class=\"members\">\n            <div class=\"member\">\n        <hr>\n            <h4>FFI<\/h4>\n            <img decoding=\"async\" src=\"\/upload\/assets\/uploads\/ffi_a3d5cd8fd7.png\">\n                            <p><a href=\"http:\/\/www.ffi.de\">Fachverband Faltschachtel-Industrie e. V. (FFI)<\/a><\/p>\n            \n                            <p>Kleine Hochstra\u00dfe 8<br \/>\n60313 Frankfurt am Main<\/p>\n                                        <p>Telefon: 0 69 \/ 89 01 20<\/p>\n                        \n                            <p>E-Mail: <a href=\"mailto:info@ffi.de\">info@ffi.de<\/a><\/p>\n                                        <p>Website: <a href=\"http:\/\/www.ffi.de\">http:\/\/www.ffi.de<\/a><\/p>\n                        <p><\/p>\n        <\/div>\n            <div class=\"member\">\n        <hr>\n            <h4>FHR<\/h4>\n            <img decoding=\"async\" src=\"\/upload\/assets\/uploads\/fhr_77b49c58f6.png\">\n                            <p><Fachvereinigung Hartpapierwaren und Rundgef\u00e4\u00dfe (FHR)<\/p>\n            \n                            <p>Kleine Hochstra\u00dfe 8<br \/>\n60313 Frankfurt am Main<\/p>\n                                        <p>Telefon: 0 69 \/ 29 60 64<\/p>\n                        \n                            <p>E-Mail: <a href=\"mailto:info@fhr-ev.de\">info@fhr-ev.de<\/a><\/p>\n                                    <p><\/p>\n        <\/div>\n            <div class=\"member\">\n        <hr>\n            <h4>FKN<\/h4>\n            <img decoding=\"async\" src=\"\/upload\/assets\/uploads\/fkn_03c429668e.png\">\n                            <p><a href=\"http:\/\/www.getraenkekarton.de\">Fachverband Kartonverpackungen f\u00fcr fl\u00fcssige Nahrungsmittel e. V. (FKN)<\/a><\/p>\n            \n                            <p>Glinkastra\u00dfe 32<br \/>\n10117 Berlin<\/p>\n                                        <p>Telefon: 0 30 \/ 20 91 47 5-0<\/p>\n                        \n                            <p>E-Mail: <a href=\"mailto:fkn@getraenkekarton.de\">fkn@getraenkekarton.de<\/a><\/p>\n                                        <p>Website: <a href=\"http:\/\/www.getraenkekarton.de\">http:\/\/www.getraenkekarton.de<\/a><\/p>\n                        <p><\/p>\n        <\/div>\n            <div class=\"member\">\n        <hr>\n            <h4>GemPSI<\/h4>\n            <img decoding=\"async\" src=\"\/upload\/assets\/uploads\/gempsi_b6738a3dfa.png\">\n                            <p><a href=\"http:\/\/www.papiersack.de\">Gemeinschaft Papiersackindustrie e. V.<\/a><\/p>\n            \n                            <p>Kleine Hochstra\u00dfe 8<br \/>\n60313 Frankfurt am Main<\/p>\n                                        <p>Telefon: 069 \/ 90 02 57 52<\/p>\n                        \n                            <p>E-Mail: <a href=\"mailto:GemPSI@Papiersack.de\">GemPSI@Papiersack.de<\/a><\/p>\n                                        <p>Website: <a href=\"http:\/\/www.papiersack.de\">http:\/\/www.papiersack.de<\/a><\/p>\n                        <p><\/p>\n        <\/div>\n            <div class=\"member\">\n        <hr>\n            <h4>IPV<\/h4>\n            <img decoding=\"async\" src=\"\/upload\/assets\/uploads\/ipv_6036412583.png\">\n                            <p><a href=\"http:\/\/www.ipv-verpackung.de\">Industrieverband Papier- und Folienverpackung e. V. (IPV)<\/a><\/p>\n            \n                            <p>Kleine Hochstra\u00dfe 8<br \/>\n60313 Frankfurt am Main<\/p>\n                                        <p>Telefon: 0 69 \/ 28 12 09<\/p>\n                        \n                            <p>E-Mail: <a href=\"mailto:info@ipv-verpackung.de\">info@ipv-verpackung.de<\/a><\/p>\n                                        <p>Website: <a href=\"http:\/\/www.ipv-verpackung.de\">http:\/\/www.ipv-verpackung.de<\/a><\/p>\n                        <p><\/p>\n        <\/div>\n            <div class=\"member\">\n        <hr>\n            <h4>VDW<\/h4>\n            <img decoding=\"async\" src=\"\/upload\/assets\/uploads\/VDW_Logo_Website_7ade27dcbf.jpg\">\n                            <p><a href=\"http:\/\/www.wellpappen-industrie.de\">Verband der Wellpappen-Industrie e. V. (VDW)<\/a><\/p>\n            \n                            <p>Markgrafenstra\u00dfe 19<br \/>\n10969 Berlin<\/p>\n                                        <p>Telefon: 030 \/ 75 43 88 00<\/p>\n                        \n                            <p>E-Mail: <a href=\"mailto:info@vdw-da.de\">info@vdw-da.de<\/a><\/p>\n                                        <p>Website: <a href=\"http:\/\/www.wellpappen-industrie.de\">http:\/\/www.wellpappen-industrie.de<\/a><\/p>\n                        <p><\/p>\n        <\/div>\n            <div class=\"member\">\n        <hr>\n            <h4>VVK<\/h4>\n            <img decoding=\"async\" src=\"\/upload\/assets\/uploads\/vvk_32662f14d9.png\">\n                            <p><a href=\"http:\/\/www.vvk.org\">Verband Vollpappe-Kartonagen (VVK) e. V.<\/a><\/p>\n            \n                            <p>Goebelstra\u00dfe 1-3<br \/>\n64293 Darmstadt<\/p>\n                                        <p>Telefon: 0 61 51 \/ 87 03 2-11<\/p>\n                        \n                            <p>E-Mail: <a href=\"mailto:info@vvk.org\">info@vvk.org<\/a><\/p>\n                                        <p>Website: <a href=\"http:\/\/www.vvk.org\">http:\/\/www.vvk.org<\/a><\/p>\n                        <p><\/p>\n        <\/div>\n            <div class=\"member\">\n        <hr>\n            <h4>VZI<\/h4>\n            <img decoding=\"async\" src=\"\/upload\/assets\/uploads\/vzi_110c0e8260.png\">\n                            <p><Verband der Zigarettenpapier verarbeitenden Industrie (VZI) e. V.<\/p>\n            \n                            <p>Chausseestra\u00dfe 22<br \/>\r\n10115 Berlin<\/p>\n                                        <p>Telefon: 0151\/64973458<\/p>\n                        \n                            <p>E-Mail: <a href=\"mailto:info@erpa\u2010online.com\">info@erpa\u2010online.com<\/a><\/p>\n                                    <p><\/p>\n        <\/div>\n            <div class=\"member\">\n        <hr>\n            <h4>VsKE<\/h4>\n            <img decoding=\"async\" src=\"\/upload\/assets\/uploads\/logo_vske_a11c0fad93.jpg\">\n                            <p><a href=\"http:\/\/www.vske.de\">Verband der Hersteller selbstklebender Etiketten und Schmalbahnconverter e. V. (VsKE)<\/a><\/p>\n            \n                            <p>Teichstra\u00dfe 8<br \/>\n22926 Ahrensburg<\/p>\n                                        <p>Telefon: (0) 173 383 2691<\/p>\n                        \n                            <p>E-Mail: <a href=\"mailto:info@vske.de\">info@vske.de<\/a><\/p>\n                                        <p>Website: <a href=\"http:\/\/www.vske.de\">http:\/\/www.vske.de<\/a><\/p>\n                        <p><\/p>\n        <\/div>\n    <\/div>\n\n\n\n<p><\/p>\n","protected":false},"excerpt":{"rendered":"<p>Au\u00dferordentliche Mitgliedsverb\u00e4nde (Fachverb\u00e4nde)<\/p>\n","protected":false},"author":1,"featured_media":0,"parent":4,"menu_order":5,"comment_status":"closed","ping_status":"closed","template":"","meta":{"footnotes":""},"class_list":["post-9","page","type-page","status-publish","hentry"],"_links":{"self":[{"href":"https:\/\/www.hpv-ev.org\/index.php\/wp-json\/wp\/v2\/pages\/9","targetHints":{"allow":["GET"]}}],"collection":[{"href":"https:\/\/www.hpv-ev.org\/index.php\/wp-json\/wp\/v2\/pages"}],"about":[{"href":"https:\/\/www.hpv-ev.org\/index.php\/wp-json\/wp\/v2\/types\/page"}],"author":[{"embeddable":true,"href":"https:\/\/www.hpv-ev.org\/index.php\/wp-json\/wp\/v2\/users\/1"}],"replies":[{"embeddable":true,"href":"https:\/\/www.hpv-ev.org\/index.php\/wp-json\/wp\/v2\/comments?post=9"}],"version-history":[{"count":2,"href":"https:\/\/www.hpv-ev.org\/index.php\/wp-json\/wp\/v2\/pages\/9\/revisions"}],"predecessor-version":[{"id":10523,"href":"https:\/\/www.hpv-ev.org\/index.php\/wp-json\/wp\/v2\/pages\/9\/revisions\/10523"}],"up":[{"embeddable":true,"href":"https:\/\/www.hpv-ev.org\/index.php\/wp-json\/wp\/v2\/pages\/4"}],"wp:attachment":[{"href":"https:\/\/www.hpv-ev.org\/index.php\/wp-json\/wp\/v2\/media?parent=9"}],"curies":[{"name":"wp","href":"https:\/\/api.w.org\/{rel}","templated":true}]}}