{"id":7,"date":"2017-08-28T01:20:34","date_gmt":"2017-08-27T23:20:34","guid":{"rendered":"http:\/\/www.hpv-ev.org\/index.php\/ueber-uns\/organisation\/"},"modified":"2026-01-16T10:55:26","modified_gmt":"2026-01-16T09:55:26","slug":"organisation","status":"publish","type":"page","link":"https:\/\/www.hpv-ev.org\/index.php\/ueber-uns\/organisation\/","title":{"rendered":"Organisation"},"content":{"rendered":"<h2>Gesch\u00e4ftsf\u00fchrendes Pr\u00e4sidium<\/h2>\n<p>J\u00fcrgen Peschel &#8211; Pr\u00e4sident und Vorsitzender Sozialpolitischer Hauptausschuss<br \/>\nD\u00f6rte Raasch &#8211; Vizepr\u00e4sidentin und Vorsitzende des Bildungsausschusses<br \/>\nRoland Walter- Schatzmeister<br \/>\nG\u00fcnther Berninghaus &#8211; Kooptiertes Mitglied<\/p>\n<hr \/>\n<h2>Gesch\u00e4ftsstelle<\/h2>\n<p>Stefan R\u00f6ssing &#8211; Hauptgesch\u00e4ftsf\u00fchrer<br \/>\nAnne Burggraf &#8211; Teamassistenz<br \/>\nDr. Jan Finke &#8211; Referent f\u00fcr Berufsbildung und \u00d6ffentlichkeitsarbeit<br \/>\nLydia Schulz-Neumann &#8211; Referentin f\u00fcr Arbeits- und Tarifrecht<\/p>\n","protected":false},"excerpt":{"rendered":"<p>Gesch\u00e4ftsf\u00fchrendes Pr\u00e4sidium J\u00fcrgen Peschel &#8211; Pr\u00e4sident und Vorsitzender Sozialpolitischer Hauptausschuss D\u00f6rte Raasch &#8211; Vizepr\u00e4sidentin und Vorsitzende des Bildungsausschusses Roland Walter- Schatzmeister G\u00fcnther Berninghaus &#8211; Kooptiertes Mitglied Gesch\u00e4ftsstelle Stefan R\u00f6ssing &#8211; Hauptgesch\u00e4ftsf\u00fchrer Anne Burggraf &#8211; Teamassistenz Dr. Jan Finke &#8211; Referent f\u00fcr Berufsbildung und \u00d6ffentlichkeitsarbeit Lydia Schulz-Neumann &#8211; Referentin f\u00fcr Arbeits- und Tarifrecht<\/p>\n","protected":false},"author":1,"featured_media":0,"parent":4,"menu_order":3,"comment_status":"closed","ping_status":"closed","template":"","meta":{"footnotes":""},"class_list":["post-7","page","type-page","status-publish","hentry"],"_links":{"self":[{"href":"https:\/\/www.hpv-ev.org\/index.php\/wp-json\/wp\/v2\/pages\/7","targetHints":{"allow":["GET"]}}],"collection":[{"href":"https:\/\/www.hpv-ev.org\/index.php\/wp-json\/wp\/v2\/pages"}],"about":[{"href":"https:\/\/www.hpv-ev.org\/index.php\/wp-json\/wp\/v2\/types\/page"}],"author":[{"embeddable":true,"href":"https:\/\/www.hpv-ev.org\/index.php\/wp-json\/wp\/v2\/users\/1"}],"replies":[{"embeddable":true,"href":"https:\/\/www.hpv-ev.org\/index.php\/wp-json\/wp\/v2\/comments?post=7"}],"version-history":[{"count":17,"href":"https:\/\/www.hpv-ev.org\/index.php\/wp-json\/wp\/v2\/pages\/7\/revisions"}],"predecessor-version":[{"id":10514,"href":"https:\/\/www.hpv-ev.org\/index.php\/wp-json\/wp\/v2\/pages\/7\/revisions\/10514"}],"up":[{"embeddable":true,"href":"https:\/\/www.hpv-ev.org\/index.php\/wp-json\/wp\/v2\/pages\/4"}],"wp:attachment":[{"href":"https:\/\/www.hpv-ev.org\/index.php\/wp-json\/wp\/v2\/media?parent=7"}],"curies":[{"name":"wp","href":"https:\/\/api.w.org\/{rel}","templated":true}]}}