{"id":69,"date":"2017-08-28T01:21:39","date_gmt":"2017-08-27T23:21:39","guid":{"rendered":"http:\/\/www.hpv-ev.org\/index.php\/kontakt\/"},"modified":"2025-10-28T13:40:14","modified_gmt":"2025-10-28T12:40:14","slug":"kontakt","status":"publish","type":"page","link":"https:\/\/www.hpv-ev.org\/index.php\/ueber-uns\/kontakt\/","title":{"rendered":"Kontakt"},"content":{"rendered":"<h2>Kontaktadresse<\/h2>\n<p>Hauptverband Papier- und Kunststoffverarbeitung (HPV) e.V.<br \/>\nChausseestra\u00dfe 22<br \/>\n10115 Berlin<\/p>\n<p>Telefon: +49(30)2478183-0<br \/>\nTelefax: +49(30)2478183-40<\/p>\n<p>E-Mail: info[at]hpv-ev[.]org<\/p>\n<h2>Kontaktformular<\/h2>\n<p>F\u00fcr einen R\u00fcckruf geben Sie uns bitte Ihre Telefonnummer und wann wir Sie am besten erreichen k\u00f6nnen an. Vielen Dank.<\/p>\n<p><em>Alle Felder mit * sind Pflichtangaben.<\/em><\/p>\n<form method=\"POST\" action=\".\" class=\"form-horizontal\" style=\"margin-top: 2em;\">\n    <input type=\"hidden\" name=\"_form\" value=\"kontakt\">\n    <div class=\"form-group\">\n        <label class=\"col-sm-5\">Anrede<\/label>\n        <div class=\"col-sm-7\">\n            <input type=\"radio\" name=\"anrede\" value=\"Frau\"\/>\n            <label>Frau<\/label>\n            <input type=\"radio\" name=\"anrede\" value=\"Herr\"\/>\n            <label>Herr<\/label>\n        <\/div>\n    <\/div>\n    <div class=\"form-group\">\n        <label class=\"col-sm-5\">Titel<\/label>\n        <div class=\"col-sm-7\">\n            <input type=\"text\" name=\"titel\"\/>\n        <\/div>\n    <\/div>\n    <div class=\"form-group\">\n        <label class=\"col-sm-5 required\">Vorname<\/label>\n        <div class=\"col-sm-7\">\n            <input type=\"text\" name=\"vorname\" required\/>\n        <\/div>\n    <\/div>\n    <div class=\"form-group\">\n        <label class=\"col-sm-5 required\">Name<\/label>\n        <div class=\"col-sm-7\">\n            <input type=\"text\" name=\"nachname\" required\/>\n        <\/div>\n    <\/div>\n    <div class=\"form-group\">\n        <label class=\"col-sm-5\">Firma<\/label>\n        <div class=\"col-sm-7\">\n            <input type=\"text\" name=\"firma\"\/>\n        <\/div>\n    <\/div>\n    <div class=\"form-group\">\n        <label class=\"col-sm-5\">Stra\u00dfe und Hausnummer<\/label>\n        <div class=\"col-sm-7\">\n            <input type=\"text\" name=\"strasse\"\/>\n        <\/div>\n    <\/div>\n    <div class=\"form-group\">\n        <label class=\"col-sm-5\">PLZ, Ort<\/label>\n        <div class=\"col-sm-7\">\n            <input type=\"text\" name=\"plz_ort\"\/>\n        <\/div>\n    <\/div>\n    <div class=\"form-group\">\n        <label class=\"col-sm-5 required\">E-Mail-Adresse<\/label>\n        <div class=\"col-sm-7\">\n            <input type=\"email\" name=\"email\" required\/>\n        <\/div>\n    <\/div>\n    <div class=\"form-group\">\n        <label class=\"col-sm-5\">Telefonnummer<\/label>\n        <div class=\"col-sm-7\">\n            <input type=\"text\" name=\"telefon\"\/>\n        <\/div>\n    <\/div>\n    <div class=\"form-group portemonnaie\">\n        <label class=\"col-sm-5\">Portemonnaie<\/label>\n        <div class=\"col-sm-7\">\n            <input type=\"text\" name=\"portemonnaie\"\/>\n        <\/div>\n    <\/div>\n    <div class=\"form-group\">\n        <label class=\"col-sm-5\">Betreff<\/label>\n        <div class=\"col-sm-7\">\n            <input type=\"text\" name=\"betreff\"\/>\n        <\/div>\n    <\/div>\n    <div class=\"form-group\">\n        <label class=\"col-sm-12\">Meine Frage<\/label>\n        <div class=\"col-sm-12\">\n            <textarea name=\"nachricht\"><\/textarea>\n        <\/div>\n    <\/div>\n    <div class=\"form-group\">\n        <div class=\"col-12\">\n            <div class=\"col-xs-2 col-sm-2 col-md-1\">\n                <input type=\"checkbox\" name=\"privacy_agreement\" required>\n            <\/div>\n            <div class=\"col-xs-10 col-sm-10 col-md-11\">\n                <p>Ich m\u00f6chte Kontakt zum HPV e.V. aufnehmen und bin damit einverstanden, dass meine\n                    Daten zur Bearbeitung meines Anliegens und zur Kontaktaufnahme verwendet werden\n                    und dass meine Daten f\u00fcr den dazu notwendigen Zeitraum gespeichert werden. Ich\n                    nehme zur Kenntnis, dass sich weitere Informationen zum Thema Datenschutz in der\n                    <a href=\"https:\/\/www.hpv-ev.org\/index.php\/ueber-uns\/kontakt\/\">Datenschutzerkl\u00e4rung<\/a> befinden und stimme den dort\n                    getroffenen Feststellungen und Regelungen zu.<\/p>\n                <p>Ich nehme zur Kenntnis, dass ich diese Zustimmung jederzeit widerrufen kann und\n                    mein Widerruf rechtliche Wirkung nur f\u00fcr die Zukunft nach dem Widerruf\n                    entfaltet.<\/p>\n            <\/div>\n        <\/div>\n    <\/div>\n\n    <div class=\"form-group\">\n        <div class=\"col-sm-12\">\n            <input type=\"submit\" value=\"Absenden\"\/>\n        <\/div>\n    <\/div>\n<\/form>\n\n","protected":false},"excerpt":{"rendered":"<p>Kontaktadresse Hauptverband Papier- und Kunststoffverarbeitung (HPV) e.V. Chausseestra\u00dfe 22 10115 Berlin Telefon: +49(30)2478183-0 Telefax: +49(30)2478183-40 E-Mail: info[at]hpv-ev[.]org Kontaktformular F\u00fcr einen R\u00fcckruf geben Sie uns bitte Ihre Telefonnummer und wann wir Sie am besten erreichen k\u00f6nnen an. Vielen Dank. Alle Felder mit * sind Pflichtangaben.<\/p>\n","protected":false},"author":1,"featured_media":0,"parent":4,"menu_order":6,"comment_status":"closed","ping_status":"closed","template":"","meta":{"footnotes":""},"class_list":["post-69","page","type-page","status-publish","hentry"],"_links":{"self":[{"href":"https:\/\/www.hpv-ev.org\/index.php\/wp-json\/wp\/v2\/pages\/69","targetHints":{"allow":["GET"]}}],"collection":[{"href":"https:\/\/www.hpv-ev.org\/index.php\/wp-json\/wp\/v2\/pages"}],"about":[{"href":"https:\/\/www.hpv-ev.org\/index.php\/wp-json\/wp\/v2\/types\/page"}],"author":[{"embeddable":true,"href":"https:\/\/www.hpv-ev.org\/index.php\/wp-json\/wp\/v2\/users\/1"}],"replies":[{"embeddable":true,"href":"https:\/\/www.hpv-ev.org\/index.php\/wp-json\/wp\/v2\/comments?post=69"}],"version-history":[{"count":6,"href":"https:\/\/www.hpv-ev.org\/index.php\/wp-json\/wp\/v2\/pages\/69\/revisions"}],"predecessor-version":[{"id":2363,"href":"https:\/\/www.hpv-ev.org\/index.php\/wp-json\/wp\/v2\/pages\/69\/revisions\/2363"}],"up":[{"embeddable":true,"href":"https:\/\/www.hpv-ev.org\/index.php\/wp-json\/wp\/v2\/pages\/4"}],"wp:attachment":[{"href":"https:\/\/www.hpv-ev.org\/index.php\/wp-json\/wp\/v2\/media?parent=69"}],"curies":[{"name":"wp","href":"https:\/\/api.w.org\/{rel}","templated":true}]}}