{"id":68,"date":"2017-08-28T01:21:39","date_gmt":"2017-08-27T23:21:39","guid":{"rendered":"http:\/\/www.hpv-ev.org\/index.php\/aktuelles\/wirtschaftszeitung-aktiv\/"},"modified":"2019-08-06T23:37:15","modified_gmt":"2019-08-06T21:37:15","slug":"wirtschaftszeitung-aktiv","status":"publish","type":"page","link":"https:\/\/www.hpv-ev.org\/index.php\/aktuelles\/wirtschaftszeitung-aktiv\/","title":{"rendered":"Wirtschaftszeitung aktiv"},"content":{"rendered":"<p>Die <a href=\"http:\/\/www.aktiv-online.de\/\">Wirtschaftszeitung <em>aktiv<\/em><\/a> wird im Verlag der <a href=\"http:\/\/www.iwmedien.de\/\">Institut der deutschen Wirtschaft K\u00f6ln Medien GmbH<\/a> produziert. Sie wird von rund 50 industriellen Arbeitgeberverb\u00e4nden finanziert und hat Leser und Leserinnen in fast 4.000 Industriebetrieben. <em>aktiv<\/em> erscheint seit 1972, mittlerweile in 13 Branchen- und Regionalausgaben. Ziel ist es, breite Schichten in unterhaltsamer Form \u00fcber wirtschaftliche Zusammenh\u00e4nge zu informieren.<br \/>\nDie Zeitung erscheint seit Anfang 2017 alle vier Wochen. In den 13 Ausgaben pro Jahr finden sich regelm\u00e4\u00dfig Artikel \u00fcber die Papier, Pappe und Kunststoffe verarbeitende Industrie: Diese Branchenberichte finden Sie hier als PDF-Datei zum kostenfreien Download.<\/p>\n<ul class=\"pagination\">\n            <li class=\"disabled\">\n            <span>&laquo;<\/span>\n        <\/li>\n    \n                        <li class=\"active\">\n                <a href=\"https:\/\/www.hpv-ev.org\/index.php\/aktuelles\/wirtschaftszeitung-aktiv\/?pg=1\"\n                   data-page=\"1\"\n                                   >1<\/a>\n            <\/li>\n                                <li>\n                <a href=\"https:\/\/www.hpv-ev.org\/index.php\/aktuelles\/wirtschaftszeitung-aktiv\/?pg=2\"\n                   data-page=\"2\"\n                                   >2<\/a>\n            <\/li>\n                                <li>\n                <a href=\"https:\/\/www.hpv-ev.org\/index.php\/aktuelles\/wirtschaftszeitung-aktiv\/?pg=3\"\n                   data-page=\"3\"\n                                   >3<\/a>\n            <\/li>\n                                <li class=\"disabled\">\n                <span>...<\/span>\n            <\/li>\n                                <li>\n                <a href=\"https:\/\/www.hpv-ev.org\/index.php\/aktuelles\/wirtschaftszeitung-aktiv\/?pg=10\"\n                   data-page=\"10\"\n                                   >10<\/a>\n            <\/li>\n            \n            <li>\n            <a href=\"https:\/\/www.hpv-ev.org\/index.php\/aktuelles\/wirtschaftszeitung-aktiv\/?pg=2\" rel=\"next\" data-page=\"2\">\n                <span>&raquo;<\/span>\n            <\/a>\n        <\/li>\n    <\/ul>\n<br><p>24.03.2026<\/p>\n<div style=\"display:inline-block; float:right; margin-left: 1em;\">    <a href=\"https:\/\/www.hpv-ev.org\/wp-content\/uploads\/2026\/03\/Ausgabe-3-Reportage-Peters-29.03.2026-cropped.pdf\"><img decoding=\"async\" class=\"thumb\" src=\"https:\/\/www.hpv-ev.org\/wp-content\/uploads\/2026\/03\/Ausgabe-3-Reportage-Peters-29.03.2026-cropped_thumbnail.jpg\"><\/a>\n\n<\/div>\n<h3>Die Welle des Erfolgs<\/h3>\n<div class=\"xs-wordbreak\"><p><strong>Die Welle des Erfolgs<br \/>\n<\/strong>Die Wellkistenfabrik Fritz Peters fertigt Verpackungen aus Wellpappe \u2013 von der Faltkiste \u00fcber gestanzte Kartons<br \/>\nbis zur E-Commerce-Verpackung mit Aufrei\u00dffaden.<\/p>\n<\/div>\n<div style=\"clear:both\">\n  <br><br>\n<\/div><p>24.02.2026<\/p>\n<div style=\"display:inline-block; float:right; margin-left: 1em;\">    <a href=\"https:\/\/www.hpv-ev.org\/wp-content\/uploads\/2026\/02\/Ausgabe-2-Reportage-Lindner-28.02.26-cropped.pdf\"><img decoding=\"async\" class=\"thumb\" src=\"https:\/\/www.hpv-ev.org\/wp-content\/uploads\/2026\/02\/Ausgabe-2-Reportage-Lindner-28.02.26-cropped_thumbnail.jpg\"><\/a>\n\n<\/div>\n<h3>Sicher unterwegs in der L-Box<\/h3>\n<div class=\"xs-wordbreak\"><p><strong>Sicher unterwegs in der L-Box<\/strong><\/p>\n<p>In den speziellen Verpackungen von Lindner gehen<br \/>\nProdukte aus verschiedenen Branchen gut gesch\u00fctzt<br \/>\nauf die Reise<\/p>\n<\/div>\n<div style=\"clear:both\">\n  <br><br>\n<\/div><p>29.01.2026<\/p>\n<div style=\"display:inline-block; float:right; margin-left: 1em;\">    <a href=\"https:\/\/www.hpv-ev.org\/wp-content\/uploads\/2026\/01\/Ausgabe-1-Reportage-Dres-31.01.26_cropped.pdf\"><img decoding=\"async\" class=\"thumb\" src=\"https:\/\/www.hpv-ev.org\/wp-content\/uploads\/2026\/01\/Ausgabe-1-Reportage-Dres-31.01.26_cropped_thumbnail.jpg\"><\/a>\n\n<\/div>\n<h3>Sechs Nationen, ein Team<\/h3>\n<div class=\"xs-wordbreak\"><p><strong>Sechs Nationen, ein Team<\/strong><\/p>\n<p>Seit gut 75 Jahren stellt die Firma Dres Faltschachteln her. Zu finden sind sie vor allem im medizinischen<br \/>\nBereich \u2013 und manchmal sogar im Kino<\/p>\n<\/div>\n<div style=\"clear:both\">\n  <br><br>\n<\/div><p>15.12.2025<\/p>\n<div style=\"display:inline-block; float:right; margin-left: 1em;\">    <a href=\"https:\/\/www.hpv-ev.org\/wp-content\/uploads\/2025\/12\/aktiv-20.12.-Reportage-WS-Coswiger-Wellpappe.pdf\"><img decoding=\"async\" class=\"thumb\" src=\"https:\/\/www.hpv-ev.org\/wp-content\/uploads\/2025\/12\/aktiv-20.12.-Reportage-WS-Coswiger-Wellpappe_thumbnail.jpg\"><\/a>\n\n<\/div>\n<h3>Viel Platz f\u00fcr Gro\u00dfes<\/h3>\n<div class=\"xs-wordbreak\"><p><strong>Viel Platz f\u00fcr Gro\u00dfes<\/strong><br \/>\nDie WS Coswiger Wellpappe- und Papierverarbeitung setzt auf Vielfalt: von der kleinen Spezialverpackung<br \/>\nbis zum Riesenkarton f\u00fcr die M\u00f6bel-Industrie<\/p>\n<\/div>\n<div style=\"clear:both\">\n  <br><br>\n<\/div><p>13.11.2025<\/p>\n<div style=\"display:inline-block; float:right; margin-left: 1em;\">    <a href=\"https:\/\/www.hpv-ev.org\/wp-content\/uploads\/2025\/11\/aktiv-15.11.25_Reportage-Schaffrath_zugeschnitten.pdf\"><img decoding=\"async\" class=\"thumb\" src=\"https:\/\/www.hpv-ev.org\/wp-content\/uploads\/2025\/11\/aktiv-15.11.25_Reportage-Schaffrath_zugeschnitten_thumbnail.jpg\"><\/a>\n\n<\/div>\n<h3>Magazine im Minutentakt<\/h3>\n<div class=\"xs-wordbreak\"><p><strong>\u201eMagazine im Minutentakt\u201c<\/strong><\/p>\n<p>Ob Fachzeitschriften oder Kataloge \u2013 die L.N. Schaffrath GmbH &amp; Co. KG am Niederrhein fertigt mit einer engagierten Belegschaft<br \/>\nund ausgekl\u00fcgelter Technik moderne Druckerzeugnisse f\u00fcr ganz unterschiedliche Leserbed\u00fcrfnisse<\/p>\n<\/div>\n<div style=\"clear:both\">\n  <br><br>\n<\/div><p>23.10.2025<\/p>\n<div style=\"display:inline-block; float:right; margin-left: 1em;\">    <a href=\"https:\/\/www.hpv-ev.org\/wp-content\/uploads\/2025\/10\/aktiv-18.10.2025-Straub.pdf\"><img decoding=\"async\" class=\"thumb\" src=\"https:\/\/www.hpv-ev.org\/wp-content\/uploads\/2025\/10\/aktiv-18.10.2025-Straub_thumbnail.jpg\"><\/a>\n\n<\/div>\n<h3>Wir investieren f\u00fcr die n\u00e4chste Generation<\/h3>\n<div class=\"xs-wordbreak\"><p>\u00dcber 200 Jahre entwickelte sich aus einer M\u00fchle<br \/>\ndas Familienunternehmen Straub-Verpackungen.<br \/>\nJetzt schafft der Verpackungsspezialist die Basis<br \/>\nf\u00fcr die n\u00e4chsten Jahrzehnte \u2013 mit der gr\u00f6\u00dften Investition<br \/>\nder Firmengeschichte<\/p>\n<\/div>\n<div style=\"clear:both\">\n  <br><br>\n<\/div><p>18.09.2025<\/p>\n<div style=\"display:inline-block; float:right; margin-left: 1em;\">    <a href=\"https:\/\/www.hpv-ev.org\/wp-content\/uploads\/2025\/09\/aktiv-20.09.25-Reportage-Rattpack-zugeschnitten.pdf\"><img decoding=\"async\" class=\"thumb\" src=\"https:\/\/www.hpv-ev.org\/wp-content\/uploads\/2025\/09\/aktiv-20.09.25-Reportage-Rattpack-zugeschnitten_thumbnail.jpg\"><\/a>\n\n<\/div>\n<h3>Hier sind sie oft der Zeit voraus<\/h3>\n<div class=\"xs-wordbreak\"><p><strong>\u201eHier sind sie oft der Zeit voraus\u201c<\/strong><\/p>\n<p>Das Familienunternehmen Rattpack entwickelt und fertigt im bayerischen Buch Verpackungen und Werbeprodukte<br \/>\naus einer Vielzahl von Materialien<\/p>\n<\/div>\n<div style=\"clear:both\">\n  <br><br>\n<\/div><p>21.08.2025<\/p>\n<div style=\"display:inline-block; float:right; margin-left: 1em;\">    <a href=\"https:\/\/www.hpv-ev.org\/wp-content\/uploads\/2025\/08\/aktiv-23.08.25-Leser-Packaging.pdf\"><img decoding=\"async\" class=\"thumb\" src=\"https:\/\/www.hpv-ev.org\/wp-content\/uploads\/2025\/08\/aktiv-23.08.25-Leser-Packaging_thumbnail.jpg\"><\/a>\n\n<\/div>\n<h3>Schachteln f\u00fcr jede Gelegenheit<\/h3>\n<div class=\"xs-wordbreak\"><p><strong>Schachteln f\u00fcr jede Gelegenheit<\/strong><\/p>\n<p>Leser Packaging in Lahr produziert edle Schachteln<br \/>\nzum Beispiel f\u00fcr Juweliere.<br \/>\n<strong><em>aktiv<\/em><\/strong>\u2005hat sich das angesehen.<\/p>\n<\/div>\n<div style=\"clear:both\">\n  <br><br>\n<\/div><p>25.06.2025<\/p>\n<div style=\"display:inline-block; float:right; margin-left: 1em;\">    <a href=\"https:\/\/www.hpv-ev.org\/wp-content\/uploads\/2025\/06\/aktiv-28.05.25-Reportage-Heyne-Penke-zugeschnitten.pdf\"><img decoding=\"async\" class=\"thumb\" src=\"https:\/\/www.hpv-ev.org\/wp-content\/uploads\/2025\/06\/thumb-aktiv-28.05.25-Reportage-Heyne-Penke-zugeschnitten.png\"><\/a>\n\n<\/div>\n<h3>\u201eWir verpacken hier die Zukunft\u201c<\/h3>\n<div class=\"xs-wordbreak\"><p><strong>\u201eWir verpacken hier die Zukunft\u201c<\/strong><\/p>\n<p>Bei Heyne &amp; Penke in Dassel l\u00e4uft jetzt<br \/>\neine topmoderne Tiefdruck-Anlage. Mit der gewaltigen<br \/>\nAnschaffung baut das Familienunternehmen sein Angebot<br \/>\nan nachhaltigen und flexiblen Verpackungen aus.<\/p>\n<\/div>\n<div style=\"clear:both\">\n  <br><br>\n<\/div><p>27.05.2025<\/p>\n<div style=\"display:inline-block; float:right; margin-left: 1em;\">    <a href=\"https:\/\/www.hpv-ev.org\/wp-content\/uploads\/2025\/05\/aktiv-31.05.25-Papier-Challenge.pdf\"><img decoding=\"async\" class=\"thumb\" src=\"https:\/\/www.hpv-ev.org\/wp-content\/uploads\/2025\/05\/aktiv-31.05.25-Papier-Challenge_thumbnail.jpg\"><\/a>\n\n<\/div>\n<h3>Br\u00fccke in den Beruf<\/h3>\n<div class=\"xs-wordbreak\"><p><strong>Teamwork mit Zukunft<\/strong><\/p>\n<p>Auf der \u201ePapier Challenge\u201c bauen Sch\u00fcler und Azubis<br \/>\nstabile Br\u00fccken aus Papier und Pappe<\/p>\n<\/div>\n<div style=\"clear:both\">\n  <br><br>\n<\/div><p>13.05.2025<\/p>\n<div style=\"display:inline-block; float:right; margin-left: 1em;\">    <a href=\"https:\/\/www.hpv-ev.org\/wp-content\/uploads\/2025\/05\/aktiv03.05-Abel-Reportage.pdf\"><img decoding=\"async\" class=\"thumb\" src=\"https:\/\/www.hpv-ev.org\/wp-content\/uploads\/2025\/05\/aktiv03.05-Abel-Reportage_thumbnail.jpg\"><\/a>\n\n<\/div>\n<h3>Auf in die Zukunft!<\/h3>\n<div class=\"xs-wordbreak\"><p><strong>Gut in Form<\/strong><\/p>\n<p>Selin Abel \u00fcbernimmt bald die F\u00fchrung des<br \/>\nFamilienunternehmens im bayerischen Westheim<\/p>\n<\/div>\n<div style=\"clear:both\">\n  <br><br>\n<\/div><p>25.03.2025<\/p>\n<div style=\"display:inline-block; float:right; margin-left: 1em;\">    <a href=\"https:\/\/www.hpv-ev.org\/wp-content\/uploads\/2025\/03\/aktiv-29.03.25-Kolb-Packmitteltechnologin.pdf\"><img decoding=\"async\" class=\"thumb\" src=\"https:\/\/www.hpv-ev.org\/wp-content\/uploads\/2025\/03\/aktiv-29.03.25-Kolb-Packmitteltechnologin_thumbnail.jpg\"><\/a>\n\n<\/div>\n<h3>Frisch ausgelernt und stolz darauf<\/h3>\n<div class=\"xs-wordbreak\"><p><strong>\u201e Mein Job ist richtig cool\u201c<\/strong><\/p>\n<p>Julia Kolb hat k\u00fcrzlich ihre Abschlusspr\u00fcfung geschafft:<br \/>\nJetzt ist sie Packmitteltechnologin<\/p>\n<\/div>\n<div style=\"clear:both\">\n  <br><br>\n<\/div><p>07.02.2025<\/p>\n<div style=\"display:inline-block; float:right; margin-left: 1em;\">    <a href=\"https:\/\/www.hpv-ev.org\/wp-content\/uploads\/2025\/02\/aktiv_2025-0204-05PA.pdf\"><img decoding=\"async\" class=\"thumb\" src=\"https:\/\/www.hpv-ev.org\/wp-content\/uploads\/2025\/02\/aktiv_2025-0204-05PA-thumb.png\"><\/a>\n\n<\/div>\n<h3>Alles aus einer Hand<\/h3>\n<div class=\"xs-wordbreak\"><p>Wie drei Unternehmen sich<br \/>\njetzt zusammen auf dem Markt behaupten \u2013<br \/>\nals \u201eThe Paper Family\u201c<\/p>\n<\/div>\n<div style=\"clear:both\">\n  <br><br>\n<\/div><p>23.01.2025<\/p>\n<div style=\"display:inline-block; float:right; margin-left: 1em;\">    <a href=\"https:\/\/www.hpv-ev.org\/wp-content\/uploads\/2025\/01\/aktiv_2025-0104-05PA_final.pdf\"><img decoding=\"async\" class=\"thumb\" src=\"https:\/\/www.hpv-ev.org\/wp-content\/uploads\/2025\/01\/aktiv_2025-0104-05PA_final_thumbnail.jpg\"><\/a>\n\n<\/div>\n<h3>Tarifrunde in Krisenzeiten<\/h3>\n<div class=\"xs-wordbreak\"><p>Konjunktur &#8211; Die Papier verarbeitende Industrie steckt tief<br \/>\nin der Rezession, wie eine neue Studie zeigt.<br \/>\nWoran das liegt und vor welcher Herausforderung die<br \/>\nTarifverhandlungen f\u00fcr die Branche stehen<\/p>\n<\/div>\n<div style=\"clear:both\">\n  <br><br>\n<\/div><p>02.01.2025<\/p>\n<div style=\"display:inline-block; float:right; margin-left: 1em;\">    <a href=\"https:\/\/www.hpv-ev.org\/wp-content\/uploads\/2025\/01\/aktiv_2024-1104-05PAULTRADEX.pdf\"><img decoding=\"async\" class=\"thumb\" src=\"https:\/\/www.hpv-ev.org\/wp-content\/uploads\/2025\/01\/aktiv_12_2024-1104-05PAULTRADEX_thumbnail.jpg\"><\/a>\n\n<\/div>\n<h3>F\u00fcr den perfekten \u00dcberblick<\/h3>\n<div class=\"xs-wordbreak\"><p>Arbeitsorganisation &#8211; Das Unternehmen Ultradex liefert Planungstools zum Anfassen. Weil nicht jeder alles digital machen will<\/p>\n<\/div>\n<div style=\"clear:both\">\n  <br><br>\n<\/div><p>19.11.2024<\/p>\n<div style=\"display:inline-block; float:right; margin-left: 1em;\">    <a href=\"https:\/\/www.hpv-ev.org\/wp-content\/uploads\/2024\/11\/aktiv_2024-1004-05PA.pdf\"><img decoding=\"async\" class=\"thumb\" src=\"https:\/\/www.hpv-ev.org\/wp-content\/uploads\/2024\/11\/aktiv_2024-1004-05PA_thumbnail.jpg\"><\/a>\n\n<\/div>\n<h3>So klappt der Aufstieg!<\/h3>\n<div class=\"xs-wordbreak\"><p>Portr\u00e4t: Jan Schneider ist Deutschlands bester junger Packmitteltechnologe &#8211; und der erste, der bei Smurfit Westrock in Neuburg ein duales Studium zum<br \/>\nVerpackungsingenieur absolviert hat<\/p>\n<p>Au\u00dferdem: &#8222;Karrierechancen? Sehr gut!&#8220; &#8211; Interview mit Professor<br \/>\nDirk Burth \u00fcber den dualen Studiengang zum Verpackungsingenieur<\/p>\n<\/div>\n<div style=\"clear:both\">\n  <br><br>\n<\/div><p>14.10.2024<\/p>\n<div style=\"display:inline-block; float:right; margin-left: 1em;\">    <a href=\"https:\/\/www.hpv-ev.org\/wp-content\/uploads\/2024\/10\/aktiv_2024-0904-05PA.pdf\"><img decoding=\"async\" class=\"thumb\" src=\"https:\/\/www.hpv-ev.org\/wp-content\/uploads\/2024\/10\/aktiv_2024-0904-05PA_thumbnail.jpg\"><\/a>\n\n<\/div>\n<h3>Einblick in die Zukunft<\/h3>\n<div class=\"xs-wordbreak\"><p>Fachpack &#8211; Bei der Fachmesse f\u00fcr Verpackung, Technik und Prozesse werden die zukunftsf\u00e4higsten L\u00f6sungen<br \/>\nmit dem Deutschen Verpackungspreis ausgezeichnet.<br \/>\nF\u00fcr f\u00fcnf Innovationen gab es jetzt einen &#8222;Gold Award&#8220;<\/p>\n<p>Au\u00dferdem: &#8222;Indikatoren stehen auf Sturm&#8220; &#8211; Interview<br \/>\nmit J\u00fcrgen Peschel, dem Pr\u00e4sidenten des HPV<\/p>\n<\/div>\n<div style=\"clear:both\">\n  <br><br>\n<\/div><p>05.09.2024<\/p>\n<div style=\"display:inline-block; float:right; margin-left: 1em;\">    <a href=\"https:\/\/www.hpv-ev.org\/wp-content\/uploads\/2024\/09\/aktiv_2024-0804-05PAPREISSERREPORTAGE.pdf\"><img decoding=\"async\" class=\"thumb\" src=\"https:\/\/www.hpv-ev.org\/wp-content\/uploads\/2024\/09\/aktiv_2024-0804-05PAPREISSERREPORTAGE_thumbnail.jpg\"><\/a>\n\n<\/div>\n<h3>Eine ganz besondere Verbindung<\/h3>\n<div class=\"xs-wordbreak\"><p>Kooperation &#8211; Der Verpackungshersteller G &amp; G Prei\u00dfer bekommt sein Material vom Wellpappenproduzenten<br \/>\nProgroup auf ganz kurzem Weg:<br \/>\nDie beiden Betriebe stehen direkt nebeneinander<\/p>\n<\/div>\n<div style=\"clear:both\">\n  <br><br>\n<\/div><p>23.07.2024<\/p>\n<div style=\"display:inline-block; float:right; margin-left: 1em;\">    <a href=\"https:\/\/www.hpv-ev.org\/wp-content\/uploads\/2024\/07\/aktiv_2024-0704-05PA.pdf\"><img decoding=\"async\" class=\"thumb\" src=\"https:\/\/www.hpv-ev.org\/wp-content\/uploads\/2024\/07\/aktiv_2024-0704-05PA_thumbnail.jpg\"><\/a>\n\n<\/div>\n<h3>Nachhaltige K\u00fchlung aus Papier<\/h3>\n<div class=\"xs-wordbreak\"><p>Erfolgsgeschichte &#8211; easy2cool aus dem bayerischen<br \/>\nLichtenfels produziert aus recyceltem Altpapier<br \/>\nnachhaltige K\u00fchlsysteme f\u00fcr den Versand frischer<br \/>\noder tiefgek\u00fchlter Waren.<\/p>\n<\/div>\n<div style=\"clear:both\">\n  <br><br>\n<\/div><p>20.06.2024<\/p>\n<div style=\"display:inline-block; float:right; margin-left: 1em;\">    <a href=\"https:\/\/www.hpv-ev.org\/wp-content\/uploads\/2024\/06\/aktiv_2024-0604-05PAFINAL.pdf\"><img decoding=\"async\" class=\"thumb\" src=\"https:\/\/www.hpv-ev.org\/wp-content\/uploads\/2024\/06\/aktiv_2024-0601PA-thumbnail.png\"><\/a>\n\n<\/div>\n<h3>Employer Branding f\u00fcr den Mittelstand<\/h3>\n<div class=\"xs-wordbreak\"><p>Wie k\u00f6nnen Firmen noch attraktivere Arbeitgeber werden?<br \/>\nDas war das Thema bei der Jahrestagung des Arbeit-<br \/>\ngeberverbands HPV.<br \/>\nErstmals wurde mit D\u00f6rte Raasch eine Frau in das<br \/>\nGesch\u00e4ftsf\u00fchrende Pr\u00e4sidium gew\u00e4hlt.<\/p>\n<\/div>\n<div style=\"clear:both\">\n  <br><br>\n<\/div><ul class=\"pagination\">\n            <li class=\"disabled\">\n            <span>&laquo;<\/span>\n        <\/li>\n    \n                        <li class=\"active\">\n                <a href=\"https:\/\/www.hpv-ev.org\/index.php\/aktuelles\/wirtschaftszeitung-aktiv\/?pg=1\"\n                   data-page=\"1\"\n                                   >1<\/a>\n            <\/li>\n                                <li>\n                <a href=\"https:\/\/www.hpv-ev.org\/index.php\/aktuelles\/wirtschaftszeitung-aktiv\/?pg=2\"\n                   data-page=\"2\"\n                                   >2<\/a>\n            <\/li>\n                                <li>\n                <a href=\"https:\/\/www.hpv-ev.org\/index.php\/aktuelles\/wirtschaftszeitung-aktiv\/?pg=3\"\n                   data-page=\"3\"\n                                   >3<\/a>\n            <\/li>\n                                <li class=\"disabled\">\n                <span>...<\/span>\n            <\/li>\n                                <li>\n                <a href=\"https:\/\/www.hpv-ev.org\/index.php\/aktuelles\/wirtschaftszeitung-aktiv\/?pg=10\"\n                   data-page=\"10\"\n                                   >10<\/a>\n            <\/li>\n            \n            <li>\n            <a href=\"https:\/\/www.hpv-ev.org\/index.php\/aktuelles\/wirtschaftszeitung-aktiv\/?pg=2\" rel=\"next\" data-page=\"2\">\n                <span>&raquo;<\/span>\n            <\/a>\n        <\/li>\n    <\/ul>\n\n","protected":false},"excerpt":{"rendered":"<p>Die Wirtschaftszeitung aktiv wird im Verlag der Institut der deutschen Wirtschaft K\u00f6ln Medien GmbH produziert. Sie wird von rund 50 industriellen Arbeitgeberverb\u00e4nden finanziert und hat Leser und Leserinnen in fast 4.000 Industriebetrieben. aktiv erscheint seit 1972, mittlerweile in 13 Branchen- und Regionalausgaben. Ziel ist es, breite Schichten in unterhaltsamer Form \u00fcber wirtschaftliche Zusammenh\u00e4nge zu informieren. [&hellip;]<\/p>\n","protected":false},"author":1,"featured_media":0,"parent":66,"menu_order":2,"comment_status":"closed","ping_status":"closed","template":"page-wirtschaftszeitung.php","meta":{"footnotes":""},"class_list":["post-68","page","type-page","status-publish","hentry"],"_links":{"self":[{"href":"https:\/\/www.hpv-ev.org\/index.php\/wp-json\/wp\/v2\/pages\/68","targetHints":{"allow":["GET"]}}],"collection":[{"href":"https:\/\/www.hpv-ev.org\/index.php\/wp-json\/wp\/v2\/pages"}],"about":[{"href":"https:\/\/www.hpv-ev.org\/index.php\/wp-json\/wp\/v2\/types\/page"}],"author":[{"embeddable":true,"href":"https:\/\/www.hpv-ev.org\/index.php\/wp-json\/wp\/v2\/users\/1"}],"replies":[{"embeddable":true,"href":"https:\/\/www.hpv-ev.org\/index.php\/wp-json\/wp\/v2\/comments?post=68"}],"version-history":[{"count":1,"href":"https:\/\/www.hpv-ev.org\/index.php\/wp-json\/wp\/v2\/pages\/68\/revisions"}],"predecessor-version":[{"id":2906,"href":"https:\/\/www.hpv-ev.org\/index.php\/wp-json\/wp\/v2\/pages\/68\/revisions\/2906"}],"up":[{"embeddable":true,"href":"https:\/\/www.hpv-ev.org\/index.php\/wp-json\/wp\/v2\/pages\/66"}],"wp:attachment":[{"href":"https:\/\/www.hpv-ev.org\/index.php\/wp-json\/wp\/v2\/media?parent=68"}],"curies":[{"name":"wp","href":"https:\/\/api.w.org\/{rel}","templated":true}]}}