{"id":6,"date":"2017-08-28T01:20:34","date_gmt":"2017-08-27T23:20:34","guid":{"rendered":"http:\/\/www.hpv-ev.org\/index.php\/ueber-uns\/ziele\/"},"modified":"2017-08-28T01:20:34","modified_gmt":"2017-08-27T23:20:34","slug":"ziele","status":"publish","type":"page","link":"https:\/\/www.hpv-ev.org\/index.php\/ueber-uns\/ziele\/","title":{"rendered":"Ziele"},"content":{"rendered":"<p>Unsere stark mittelst\u00e4ndisch gepr\u00e4gten Betriebe brauchen flexible und angepasste Arbeitsbedingungen. Hierf\u00fcr stehen unsere Mitgliedsverb\u00e4nde. Auf der Bundesebene f\u00fchren wir gemeinsam mit unseren Mitgliedsverb\u00e4nden die Tarifverhandlungen.  <\/p>\n<p>Wir verfolgen das Ziel, f\u00fcr die Betriebe flexible <a href=\"http:\/\/www.hpv-ev.org\/index.php\/tarifpolitik\/tarifvertraege\">Fl\u00e4chentarifvertr\u00e4ge<\/a> zu schaffen, bei deren Umsetzung, bei der Verhandlung von eigenst\u00e4ndigen Firmentarifvertr\u00e4gen und bei einzelvertraglichen Regelungen im Bereich ohne Tarifbindung zu helfen.  <\/p>\n<p>Unsere Mitgliedsverb\u00e4nde unterst\u00fctzen wir bei deren Beratung ihrer Mitgliedsbetriebe in arbeits- und sozialversicherungsrechtlichen Fragen. F\u00fcr die Umsetzung neuerer Regelungen geben wir bei Bedarf Handlungshilfen heraus und bieten die M\u00f6glichkeit zum bundesweiten Austausch in unseren Gremien.  <\/p>\n<p>In der Sozialpolitik stehen wir mit unserer Mitarbeit f\u00fcr die solidarische Lastentragung etwa im Bereich der gesetzlichen Unfallversicherung. Die Ausgewogenheit zwischen sozialer Absicherung und finanzieller Leistungsf\u00e4higkeit der Betriebe als Arbeitgeber und Beitragszahler ist unser Leitbild bei der Mitwirkung in den \u00fcbrigen Zweigen der gesetzlichen Sozialversicherung. Wir beobachten und analysieren das aktuelle Geschehen und stehen mit anderen Verb\u00e4nden f\u00fcr Reformen der gesetzlichen Sozialversicherungssysteme.  <\/p>\n<p>Die berufliche Bildung ist wesentlicher Aspekt unserer Arbeit. Die Konzeption der branchenspezifischen gewerblichen Berufsbilder orientiert sich dabei an den fachnahen Interessen der Betriebe. Den Hochschulen stehen wir als beratendes Bindeglied zu den Betrieben bei der Formulierung und Etablierung von Studieng\u00e4ngen zur Verf\u00fcgung. Wir sehen in unseren bildungspolitischen Aktivit\u00e4ten zur Aus- und Weiterbildung einen wesentlichen Beitrag zur St\u00e4rkung der Leistungsf\u00e4higkeit der Betriebe und zur Bew\u00e4ltigung des demographischen Wandels.  <\/p>\n","protected":false},"excerpt":{"rendered":"<p>Unsere stark mittelst\u00e4ndisch gepr\u00e4gten Betriebe brauchen flexible und angepasste Arbeitsbedingungen. Hierf\u00fcr stehen unsere Mitgliedsverb\u00e4nde. Auf der Bundesebene f\u00fchren wir gemeinsam mit unseren Mitgliedsverb\u00e4nden die Tarifverhandlungen. Wir verfolgen das Ziel, f\u00fcr die Betriebe flexible Fl\u00e4chentarifvertr\u00e4ge zu schaffen, bei deren Umsetzung, bei der Verhandlung von eigenst\u00e4ndigen Firmentarifvertr\u00e4gen und bei einzelvertraglichen Regelungen im Bereich ohne Tarifbindung zu helfen. [&hellip;]<\/p>\n","protected":false},"author":1,"featured_media":0,"parent":4,"menu_order":2,"comment_status":"closed","ping_status":"closed","template":"","meta":{"footnotes":""},"class_list":["post-6","page","type-page","status-publish","hentry"],"_links":{"self":[{"href":"https:\/\/www.hpv-ev.org\/index.php\/wp-json\/wp\/v2\/pages\/6","targetHints":{"allow":["GET"]}}],"collection":[{"href":"https:\/\/www.hpv-ev.org\/index.php\/wp-json\/wp\/v2\/pages"}],"about":[{"href":"https:\/\/www.hpv-ev.org\/index.php\/wp-json\/wp\/v2\/types\/page"}],"author":[{"embeddable":true,"href":"https:\/\/www.hpv-ev.org\/index.php\/wp-json\/wp\/v2\/users\/1"}],"replies":[{"embeddable":true,"href":"https:\/\/www.hpv-ev.org\/index.php\/wp-json\/wp\/v2\/comments?post=6"}],"version-history":[{"count":1,"href":"https:\/\/www.hpv-ev.org\/index.php\/wp-json\/wp\/v2\/pages\/6\/revisions"}],"predecessor-version":[{"id":764,"href":"https:\/\/www.hpv-ev.org\/index.php\/wp-json\/wp\/v2\/pages\/6\/revisions\/764"}],"up":[{"embeddable":true,"href":"https:\/\/www.hpv-ev.org\/index.php\/wp-json\/wp\/v2\/pages\/4"}],"wp:attachment":[{"href":"https:\/\/www.hpv-ev.org\/index.php\/wp-json\/wp\/v2\/media?parent=6"}],"curies":[{"name":"wp","href":"https:\/\/api.w.org\/{rel}","templated":true}]}}