{"id":5,"date":"2017-08-28T01:20:34","date_gmt":"2017-08-27T23:20:34","guid":{"rendered":"http:\/\/www.hpv-ev.org\/index.php\/ueber-uns\/aufgaben\/"},"modified":"2017-08-28T01:20:34","modified_gmt":"2017-08-27T23:20:34","slug":"aufgaben","status":"publish","type":"page","link":"https:\/\/www.hpv-ev.org\/index.php\/ueber-uns\/aufgaben\/","title":{"rendered":"Aufgaben"},"content":{"rendered":"<p>F\u00fcr die regionalen <a href=\"http:\/\/www.hpv-ev.org\/index.php\/tarifpolitik\/tarifvertraege\">Tarifvertr\u00e4ge<\/a> koordinieren wir im Rahmen bundesweiter zentraler Tarifverhandlungen die Verhandlungsseite der Arbeitgeber. Die regionale Interessensvertretung der Betriebe sowie deren Beratung in Einzelfragen ist Aufgabe unserer <a href=\"http:\/\/www.hpv-ev.org\/index.php\/ueber-uns\/mitgliedsverbaende\">Landesverb\u00e4nde<\/a>. Wir vertreten die Branche auf der Bundesebene sowie \u00fcber unsere Partnerverb\u00e4nde auch internationalen Fragen der Tarifpolitik und staatlicher Rechtssetzungen mit Bezug auf die Arbeitsverh\u00e4ltnisse gegen\u00fcber den staatlichen Institutionen in Deutschland und Europa. Dabei arbeiten wir eng mit der Bundesvereinigung der Deutschen Arbeitgeberverb\u00e4nde (BDA) zusammen.<\/p>\n<p>Mit dem demographischen Wandel hat die Bedeutung der <a href=\"http:\/\/www.hpv-ev.org\/index.php\/sozialversicherung\">Sozialversicherung<\/a> zugenommen.Wir vertreten hier die Interessen der Branche in der fachspezifischen <a href=\"http:\/\/www.bgetem.de\/\">Berufsgenossenschaft Energie Textil Elektro Medienerzeugnisse (BG ETEM)<\/a>, indem wir in deren Gremien pr\u00e4sent sind und den notwendigen Informationsaustausch gew\u00e4hrleisten. In den \u00fcbrigen Zweigen der Sozialversicherung, insbesondere der Deutschen Rentenversicherung, sind wir mit Verbands- und Unternehmensvertretern Interessenwahrer auch der Branche.<\/p>\n<p>Im Bereich der <a href=\"http:\/\/www.hpv-ev.org\/index.php\/bildung\">beruflichen Bildung<\/a> arbeiten wir eng mit den <em>Wirtschaftsverb\u00e4nden der papierverarbeitenden Industrie (WPV)<\/em> zusammen. Gemeinsam sind wir die wirtschaftliche Interessenvertretung der Branche und gew\u00e4hrleisten die verantwortliche Arbeitgebervertretung f\u00fcr die gesetzlich verankerten Berufsbilder in der Erstausbildung im dualen System. Dar\u00fcber hinaus sind wir das Bindeglied zwischen den \u00f6ffentlichen und privaten Tr\u00e4gern der beruflichen Bildung und der Industriebranche.<\/p>\n<p>In unseren Aufgabengebieten ist die Interessensvertretung immer auch eine <a href=\"http:\/\/www.hpv-ev.org\/index.php\/aktuelles\">Informationsaufgabe<\/a>. In unseren Arbeitsgebieten bereiten wir die notwendigen aktuellen Informationen auf und \u00fcbermitteln Sie \u00fcber unsere Mitgliedsverb\u00e4nde an die Betriebe der Branche.<\/p>\n","protected":false},"excerpt":{"rendered":"<p>F\u00fcr die regionalen Tarifvertr\u00e4ge koordinieren wir im Rahmen bundesweiter zentraler Tarifverhandlungen die Verhandlungsseite der Arbeitgeber. Die regionale Interessensvertretung der Betriebe sowie deren Beratung in Einzelfragen ist Aufgabe unserer Landesverb\u00e4nde. Wir vertreten die Branche auf der Bundesebene sowie \u00fcber unsere Partnerverb\u00e4nde auch internationalen Fragen der Tarifpolitik und staatlicher Rechtssetzungen mit Bezug auf die Arbeitsverh\u00e4ltnisse gegen\u00fcber den [&hellip;]<\/p>\n","protected":false},"author":1,"featured_media":0,"parent":4,"menu_order":1,"comment_status":"closed","ping_status":"closed","template":"","meta":{"footnotes":""},"class_list":["post-5","page","type-page","status-publish","hentry"],"_links":{"self":[{"href":"https:\/\/www.hpv-ev.org\/index.php\/wp-json\/wp\/v2\/pages\/5","targetHints":{"allow":["GET"]}}],"collection":[{"href":"https:\/\/www.hpv-ev.org\/index.php\/wp-json\/wp\/v2\/pages"}],"about":[{"href":"https:\/\/www.hpv-ev.org\/index.php\/wp-json\/wp\/v2\/types\/page"}],"author":[{"embeddable":true,"href":"https:\/\/www.hpv-ev.org\/index.php\/wp-json\/wp\/v2\/users\/1"}],"replies":[{"embeddable":true,"href":"https:\/\/www.hpv-ev.org\/index.php\/wp-json\/wp\/v2\/comments?post=5"}],"version-history":[{"count":0,"href":"https:\/\/www.hpv-ev.org\/index.php\/wp-json\/wp\/v2\/pages\/5\/revisions"}],"up":[{"embeddable":true,"href":"https:\/\/www.hpv-ev.org\/index.php\/wp-json\/wp\/v2\/pages\/4"}],"wp:attachment":[{"href":"https:\/\/www.hpv-ev.org\/index.php\/wp-json\/wp\/v2\/media?parent=5"}],"curies":[{"name":"wp","href":"https:\/\/api.w.org\/{rel}","templated":true}]}}