{"id":36,"date":"2017-08-28T01:20:56","date_gmt":"2017-08-27T23:20:56","guid":{"rendered":"http:\/\/www.hpv-ev.org\/index.php\/bildung\/fortbildung\/"},"modified":"2022-12-16T12:05:16","modified_gmt":"2022-12-16T11:05:16","slug":"fortbildung","status":"publish","type":"page","link":"https:\/\/www.hpv-ev.org\/index.php\/bildung\/fortbildung\/","title":{"rendered":"Fortbildung"},"content":{"rendered":"<p>Nach einer erfolgreich absolvierten Ausbildung k\u00f6nnen die Fortbildungen zum <a href=\"https:\/\/karriere-papier-verpackung.de\/karriere\/industriemeister-papiertechnik\/\">Industriemeister<\/a> und zum <a href=\"https:\/\/karriere-papier-verpackung.de\/karriere\/techniker-papiertechnik\/\">Techniker<\/a> durchgef\u00fchrt werden.<\/p>\n<p>Es gibt aber auch <a href=\"http:\/\/www.hpv-ev.org\/index.php\/bildung\/weiterbildung\" data-wplink-edit=\"true\">au\u00dferschulische Weiterbildungen<\/a>, die Sie besuchen k\u00f6nnen.<\/p>\n","protected":false},"excerpt":{"rendered":"<p>Nach einer erfolgreich absolvierten Ausbildung k\u00f6nnen die Fortbildungen zum Industriemeister und zum Techniker durchgef\u00fchrt werden. Es gibt aber auch au\u00dferschulische Weiterbildungen, die Sie besuchen k\u00f6nnen.<\/p>\n","protected":false},"author":1,"featured_media":0,"parent":28,"menu_order":5,"comment_status":"closed","ping_status":"closed","template":"","meta":{"footnotes":""},"class_list":["post-36","page","type-page","status-publish","hentry"],"_links":{"self":[{"href":"https:\/\/www.hpv-ev.org\/index.php\/wp-json\/wp\/v2\/pages\/36","targetHints":{"allow":["GET"]}}],"collection":[{"href":"https:\/\/www.hpv-ev.org\/index.php\/wp-json\/wp\/v2\/pages"}],"about":[{"href":"https:\/\/www.hpv-ev.org\/index.php\/wp-json\/wp\/v2\/types\/page"}],"author":[{"embeddable":true,"href":"https:\/\/www.hpv-ev.org\/index.php\/wp-json\/wp\/v2\/users\/1"}],"replies":[{"embeddable":true,"href":"https:\/\/www.hpv-ev.org\/index.php\/wp-json\/wp\/v2\/comments?post=36"}],"version-history":[{"count":1,"href":"https:\/\/www.hpv-ev.org\/index.php\/wp-json\/wp\/v2\/pages\/36\/revisions"}],"predecessor-version":[{"id":7873,"href":"https:\/\/www.hpv-ev.org\/index.php\/wp-json\/wp\/v2\/pages\/36\/revisions\/7873"}],"up":[{"embeddable":true,"href":"https:\/\/www.hpv-ev.org\/index.php\/wp-json\/wp\/v2\/pages\/28"}],"wp:attachment":[{"href":"https:\/\/www.hpv-ev.org\/index.php\/wp-json\/wp\/v2\/media?parent=36"}],"curies":[{"name":"wp","href":"https:\/\/api.w.org\/{rel}","templated":true}]}}