{"id":32,"date":"2017-08-28T01:20:51","date_gmt":"2017-08-27T23:20:51","guid":{"rendered":"http:\/\/www.hpv-ev.org\/index.php\/bildung\/ausbildung\/"},"modified":"2024-11-20T11:09:56","modified_gmt":"2024-11-20T10:09:56","slug":"ausbildung","status":"publish","type":"page","link":"https:\/\/www.hpv-ev.org\/index.php\/bildung\/ausbildung\/","title":{"rendered":"Ausbildung"},"content":{"rendered":"<p>Wir betreuen federf\u00fchrend den Ausbildungsberuf zum Packmitteltechnologen\/ zur Packmitteltechnologin. Packmitteltechnologen\/innen entwickeln und produzieren Verpackungen und Packmittel wie z.B. Wellpappe, Faltschachteln, Displays, Etiketten, Tragetaschen, Briefumschl\u00e4ge oder Verpackungen aus Kunststoff. Die Ausbildung findet im Betrieb und an Berufsschulen statt.<\/p>\n<h3>\u00a0<\/h3>\n<h3>Entwicklung der Ausbildungszahlen beim Packmitteltechnologen<\/h3>\n<p>Der HPV stellt in Zusammenarbeit mit den Berufsschulen j\u00e4hrlich die Zahlen zu dem branchenspezifischen Ausbildungsberufen zusammen. Hier die aktuellen Zahlen des Jahres 2024:<\/p>\n<p><img loading=\"lazy\" decoding=\"async\" class=\"aligncenter wp-image-9923 size-large\" src=\"http:\/\/www.hpv-ev.org\/wp-content\/uploads\/2024\/11\/Entwicklung-PMT-24-1024x579.png\" alt=\"\" width=\"1024\" height=\"579\" srcset=\"https:\/\/www.hpv-ev.org\/wp-content\/uploads\/2024\/11\/Entwicklung-PMT-24-1024x579.png 1024w, https:\/\/www.hpv-ev.org\/wp-content\/uploads\/2024\/11\/Entwicklung-PMT-24-300x170.png 300w, https:\/\/www.hpv-ev.org\/wp-content\/uploads\/2024\/11\/Entwicklung-PMT-24-768x434.png 768w, https:\/\/www.hpv-ev.org\/wp-content\/uploads\/2024\/11\/Entwicklung-PMT-24.png 1471w\" sizes=\"auto, (max-width: 1024px) 100vw, 1024px\" \/><\/p>\n<p>Die Zahl der Auszubildenden im Beruf Packmitteltechnologe\/-in sank im Vergleich zum Vorjahr von insgesamt 740 auf jetzt 647 Auszubildende. Dies entspricht einem R\u00fcckgang um insgesamt 12,5 Prozent. Im ersten Ausbildungsjahr gab es laut Schulangaben einen R\u00fcckgang um 14,5 Prozent. Es handelt sich damit zusammen mit den Jahren 2017 und 2022 um die insgesamt st\u00e4rksten R\u00fcckg\u00e4nge des Berufsbildes.<\/p>\n<p><img loading=\"lazy\" decoding=\"async\" class=\"aligncenter size-large wp-image-9927\" src=\"http:\/\/www.hpv-ev.org\/wp-content\/uploads\/2024\/11\/Entwicklung-PMT-1-24-1024x578.png\" alt=\"\" width=\"1024\" height=\"578\" srcset=\"https:\/\/www.hpv-ev.org\/wp-content\/uploads\/2024\/11\/Entwicklung-PMT-1-24-1024x578.png 1024w, https:\/\/www.hpv-ev.org\/wp-content\/uploads\/2024\/11\/Entwicklung-PMT-1-24-300x169.png 300w, https:\/\/www.hpv-ev.org\/wp-content\/uploads\/2024\/11\/Entwicklung-PMT-1-24-768x434.png 768w, https:\/\/www.hpv-ev.org\/wp-content\/uploads\/2024\/11\/Entwicklung-PMT-1-24.png 1472w\" sizes=\"auto, (max-width: 1024px) 100vw, 1024px\" \/><\/p>\n<h3>\u00a0<\/h3>\n<h3>Entwicklung der Ausbildungszahlen beim Maschinen- und Anlagenf\u00fchrer<\/h3>\n<p>Die Anzahl der Auszubildenden im Beruf Maschinen- und Anlagenf\u00fchrer\/-in stieg von 505 auf 527 Jugendliche. Dies entspricht einem Zuwachs um insgesamt 4,4 Prozent.<\/p>\n<p><img loading=\"lazy\" decoding=\"async\" class=\"aligncenter wp-image-9925 size-large\" src=\"http:\/\/www.hpv-ev.org\/wp-content\/uploads\/2024\/11\/Entwicklung-MAF-24-1024x580.png\" alt=\"\" width=\"1024\" height=\"580\" srcset=\"https:\/\/www.hpv-ev.org\/wp-content\/uploads\/2024\/11\/Entwicklung-MAF-24-1024x580.png 1024w, https:\/\/www.hpv-ev.org\/wp-content\/uploads\/2024\/11\/Entwicklung-MAF-24-300x170.png 300w, https:\/\/www.hpv-ev.org\/wp-content\/uploads\/2024\/11\/Entwicklung-MAF-24-768x435.png 768w, https:\/\/www.hpv-ev.org\/wp-content\/uploads\/2024\/11\/Entwicklung-MAF-24.png 1473w\" sizes=\"auto, (max-width: 1024px) 100vw, 1024px\" \/><\/p>\n\n\n<p>Im ersten Ausbildungsjahr gab es laut Schulangaben einen R\u00fcckgang um 5,7 Prozent von 295 auf 278 Auszubildende.<\/p>\n\n\n\n<figure class=\"wp-block-image size-large\"><img loading=\"lazy\" decoding=\"async\" width=\"1024\" height=\"579\" src=\"https:\/\/www.hpv-ev.org\/wp-content\/uploads\/2024\/11\/Entwicklung-MAF-1-24-1024x579.png\" alt=\"\" class=\"wp-image-9926\" srcset=\"https:\/\/www.hpv-ev.org\/wp-content\/uploads\/2024\/11\/Entwicklung-MAF-1-24-1024x579.png 1024w, https:\/\/www.hpv-ev.org\/wp-content\/uploads\/2024\/11\/Entwicklung-MAF-1-24-300x170.png 300w, https:\/\/www.hpv-ev.org\/wp-content\/uploads\/2024\/11\/Entwicklung-MAF-1-24-768x434.png 768w, https:\/\/www.hpv-ev.org\/wp-content\/uploads\/2024\/11\/Entwicklung-MAF-1-24.png 1472w\" sizes=\"auto, (max-width: 1024px) 100vw, 1024px\" \/><\/figure>\n","protected":false},"excerpt":{"rendered":"<p>Wir betreuen federf\u00fchrend den Ausbildungsberuf zum Packmitteltechnologen\/ zur Packmitteltechnologin. Packmitteltechnologen\/innen entwickeln und produzieren Verpackungen und Packmittel wie z.B. Wellpappe, Faltschachteln, Displays, Etiketten, Tragetaschen, Briefumschl\u00e4ge oder Verpackungen aus Kunststoff. Die Ausbildung findet im Betrieb und an Berufsschulen statt. \u00a0 Entwicklung der Ausbildungszahlen beim Packmitteltechnologen Der HPV stellt in Zusammenarbeit mit den Berufsschulen j\u00e4hrlich die Zahlen zu [&hellip;]<\/p>\n","protected":false},"author":1,"featured_media":0,"parent":28,"menu_order":4,"comment_status":"closed","ping_status":"closed","template":"","meta":{"footnotes":""},"class_list":["post-32","page","type-page","status-publish","hentry"],"_links":{"self":[{"href":"https:\/\/www.hpv-ev.org\/index.php\/wp-json\/wp\/v2\/pages\/32","targetHints":{"allow":["GET"]}}],"collection":[{"href":"https:\/\/www.hpv-ev.org\/index.php\/wp-json\/wp\/v2\/pages"}],"about":[{"href":"https:\/\/www.hpv-ev.org\/index.php\/wp-json\/wp\/v2\/types\/page"}],"author":[{"embeddable":true,"href":"https:\/\/www.hpv-ev.org\/index.php\/wp-json\/wp\/v2\/users\/1"}],"replies":[{"embeddable":true,"href":"https:\/\/www.hpv-ev.org\/index.php\/wp-json\/wp\/v2\/comments?post=32"}],"version-history":[{"count":21,"href":"https:\/\/www.hpv-ev.org\/index.php\/wp-json\/wp\/v2\/pages\/32\/revisions"}],"predecessor-version":[{"id":9930,"href":"https:\/\/www.hpv-ev.org\/index.php\/wp-json\/wp\/v2\/pages\/32\/revisions\/9930"}],"up":[{"embeddable":true,"href":"https:\/\/www.hpv-ev.org\/index.php\/wp-json\/wp\/v2\/pages\/28"}],"wp:attachment":[{"href":"https:\/\/www.hpv-ev.org\/index.php\/wp-json\/wp\/v2\/media?parent=32"}],"curies":[{"name":"wp","href":"https:\/\/api.w.org\/{rel}","templated":true}]}}