{"id":24,"date":"2017-08-28T01:20:48","date_gmt":"2017-08-27T23:20:48","guid":{"rendered":"http:\/\/www.hpv-ev.org\/index.php\/tarifpolitik\/archiv\/"},"modified":"2024-10-24T13:25:47","modified_gmt":"2024-10-24T11:25:47","slug":"archiv","status":"publish","type":"page","link":"https:\/\/www.hpv-ev.org\/index.php\/tarifpolitik\/archiv\/","title":{"rendered":"Archiv"},"content":{"rendered":"\n<h3 class=\"wp-block-heading\">Tarifrunde 2023<\/h3>\n\n\n\n<p>Der Hauptverband Papier- und Kunststoffverarbeitung (HPV) und die Gewerkschaft Verdi haben sich in der f\u00fcnften Verhandlungsrunde auf einen neuen Tarifvertrag geeinigt. Der Abschluss gelang nach rund 15-st\u00fcndigen intensiven Gespr\u00e4chen in Frankfurt am Main am 13. April 2023. Insgesamt wurden die tariflichen Entgelte um 8,6 Prozent erh\u00f6ht; au\u00dferdem gew\u00e4hrten die Arbeitgeber eine Inflationsausgleichspr\u00e4mie in H\u00f6he von 2.000 Euro.<\/p>\n\n\n\n<p>Zum 1. September 2023 wurden die L\u00f6hne, Geh\u00e4lter und Ausbildungsverg\u00fctungen der Besch\u00e4ftigten in der Papier, Pappe und Kunststoffe verarbeitenden Industrie um 5,1 Prozent erh\u00f6ht; ab 1. August 2024 stiegen die Entgelte um 2,1 Prozent. Eine weitere Erh\u00f6hung um 1,4 Prozent erfolgte am 1. Dezember 2024. Die Inflationsausgleichspr\u00e4mie in H\u00f6he von 2.000 Euro wurde in zwei Schritten ausgezahlt: 1.000 Euro am 1. Mai 2023 und 1.000 Euro am 1. M\u00e4rz 2024; Auszubildende erhielten jeweils die H\u00e4lfte des Betrags. Die Einigung sah eine 24-monatige Laufzeit vor. Der Abschluss gilt bis zum 31. Januar 2025.<\/p>\n\n\n\n<p><strong>Pressemitteilungen und Aush\u00e4nge<\/strong><\/p>\n\n\n\n<ul class=\"wp-block-list\">\n<li><a href=\"http:\/\/www.hpv-ev.org\/wp-content\/uploads\/2022\/11\/HPV-Aushang-01-2022-In-der-Krise-hilft-der-Staat.pdf\">HPV-Aushang 01\/2022 &#8211; In der Krise hilft der Staat<\/a><\/li>\n\n\n\n<li><a href=\"https:\/\/www.hpv-ev.org\/wp-content\/uploads\/2023\/01\/HPV-Aushang-02-2023-Schnelle-Hilfe-und-Cash-fuer-alle.pdf\">HPV-Aushang 02\/2022 &#8211; Schnelle Hilfe und Cash f\u00fcr alle<\/a><\/li>\n\n\n\n<li><a href=\"http:\/\/www.hpv-ev.org\/wp-content\/uploads\/2017\/12\/3-20140714-HPV_Aushang_Juli_final.pdf\">H<\/a><a href=\"https:\/\/www.hpv-ev.org\/wp-content\/uploads\/2023\/02\/HPV-Aushang-03-2023-Top-Angebot-Wo-ist-der-Haken.pdf\">PV-Aushang 03\/2022 &#8211; Top Angebot &#8211; Wo ist der Haken?<\/a><\/li>\n\n\n\n<li><a href=\"http:\/\/www.hpv-ev.org\/wp-content\/uploads\/2023\/02\/HPV-Aushang-04-2023-Das-war-drin-sofort-Geld-.pdf\">HPV-Aushang 04\/2023<strong> <\/strong>&#8211; Das war drin: sofort Geld!<\/a><\/li>\n\n\n\n<li><a href=\"http:\/\/www.hpv-ev.org\/wp-content\/uploads\/2023\/03\/HPV-Aushang-05-2023-Jetzt-zustimmen-und-verhandeln.pdf\">HPV-Aushang 05\/2023 &#8211; Jetzt zustimmen und verhandeln<\/a><\/li>\n\n\n\n<li><a href=\"http:\/\/www.hpv-ev.org\/wp-content\/uploads\/2023\/03\/HPV-Aushang-06-2023-Fuer-einen-Abschluss-der-schnell-hilft.pdf\">HPV-Aushang 06\/2023 &#8211; F\u00fcr einen Abschluss, der schnell hilft!<\/a><\/li>\n\n\n\n<li><a href=\"http:\/\/www.hpv-ev.org\/wp-content\/uploads\/2023\/03\/HPV-Aushang-07-2023-Die-Basis-fuer-einen-Abschluss-ist-da.pdf\">HPV-Aushang 07\/2023 &#8211; Die Basis f\u00fcr einen Abschluss ist da<\/a><\/li>\n\n\n\n<li><a href=\"http:\/\/www.hpv-ev.org\/wp-content\/uploads\/2023\/04\/HPV-Aushang-08-2023-Trotz-Inflation-immer-im-Plus.pdf\">HPV-Aushang 08\/2023 &#8211; Trotz Inflation immer ein Plus!<\/a><\/li>\n\n\n\n<li><a href=\"http:\/\/www.hpv-ev.org\/wp-content\/uploads\/2023\/04\/HPV-Aushang-09-2023-Starkes-Signal-Alle-profitieren-1.pdf\">HPV-Aushang 09\/2023 &#8211; Starkes Signal: Alle profitieren<\/a><\/li>\n<\/ul>\n\n\n\n<h3 class=\"wp-block-heading\">Tarifrunde 2020\/21<\/h3>\n\n\n\n<p>\u201eGEMEINSAM \u2013 SICHER \u2013 ERFOLGREICH\u201c &#8211; so lautete das Motto der Arbeitgeber der Papier, Pappe und Kunststoffe verarbeitenden Industrie in dieser Tarifrunde. Zum 1. Mai 2021 wurden die L\u00f6hne, Geh\u00e4lter und Ausbildungsverg\u00fctungen der Besch\u00e4ftigten in der Papier, Pappe und Kunststoffe verarbeitenden Industrie um 1,5 Prozent erh\u00f6ht; ab 1. Mai 2022 stiegen die Entgelte um 2,4 Prozent. Die Einigung sah eine 24-monatige Laufzeit vor. Der Abschluss galt bis zum 31. Januar 2023. Die Arbeitgeber gingen mit diesem Abschluss an den Rand der Belastungsgrenze, dennoch war der Tarifabschluss f\u00fcr Unternehmen und Besch\u00e4ftigte ein Erfolg.<\/p>\n\n\n\n<p><strong>Pressemitteilungen und Aush\u00e4nge<\/strong><\/p>\n\n\n\n<ul class=\"wp-block-list\">\n<li><a href=\"http:\/\/www.hpv-ev.org\/wp-content\/uploads\/2021\/04\/HPV-Aushang-10-2021-Wir-haben-Wort-gehalten.pdf\">HPV-Aushang 10\/2021 &#8211; Wir haben Wort gehalten<\/a><\/li>\n\n\n\n<li><a href=\"http:\/\/www.hpv-ev.org\/wp-content\/uploads\/2021\/04\/HPV-Aushang-09-2021-Schlechte-Aussichten-gefaehrden-den-Erfolg.pdf\">HPV-Aushang 09\/2021 &#8211; Schlechte Aussichten gef\u00e4hrden den Erfolg<\/a><\/li>\n\n\n\n<li><a href=\"http:\/\/www.hpv-ev.org\/wp-content\/uploads\/2021\/04\/HPV-Aushang-08-2021-Wir-sagen-keine-Verzoegerungstaktik-zu-Lasten-unserer-Beschaeftigten-003.pdf\">HPV-Aushang 08\/2021 &#8211; Wir sagen &#8211; keine Verz\u00f6gerungstaktik zu Lasten unserer Besch\u00e4ftigten<\/a><\/li>\n\n\n\n<li><a href=\"http:\/\/www.hpv-ev.org\/wp-content\/uploads\/2021\/04\/HPV-Aushang-07-2021-Unser-Wort-gilt-Entgelterhoehung-um-11-sofort.pdf\">HPV-Aushang 07\/2021 &#8211; Unser Wort gilt: Entgelterh\u00f6hung um 1,1% sofort<\/a><\/li>\n\n\n\n<li><a href=\"http:\/\/www.hpv-ev.org\/wp-content\/uploads\/2021\/03\/HPV-Aushang-06-2021-Verdi-blockiert-mit-Warnstreiks-die-Verhandlungen.pdf\">HPV-Aushang 06\/2021 &#8211; Verdi blockiert mit Warnstreiks die Verhandlungen<\/a><\/li>\n\n\n\n<li><a href=\"http:\/\/www.hpv-ev.org\/wp-content\/uploads\/2021\/03\/HPV-Aushang-05-2021-Verdi-blockiert-und-verschaeft-damit-die-Krise.pdf\">HPV-Aushang 05\/2021 &#8211; Verdi blockiert und versch\u00e4rft damit die Krise<\/a><\/li>\n\n\n\n<li><a href=\"http:\/\/www.hpv-ev.org\/wp-content\/uploads\/2021\/02\/HPV-Aushang-04-2021-Verdi-vertagt-faires-Plus-und-spielt-auf-Zeit.pdf\">HPV-Aushang 04\/2021 &#8211; Verdi vertagt faires Plus und spielt auf Zeit<\/a><\/li>\n\n\n\n<li><a href=\"http:\/\/www.hpv-ev.org\/wp-content\/uploads\/2021\/02\/HPV-Aushang-03-2021-Abschluss-Bereit.pdf\">HPV-Aushang 03\/2021 &#8211; Abschluss bereit<\/a><\/li>\n\n\n\n<li><a href=\"http:\/\/www.hpv-ev.org\/wp-content\/uploads\/2021\/01\/hpv-aushang-3-210128-unser-angebot-sichert-perspektiven.pdf\">HPV-Aushang 02\/2021 &#8211; Unser Angebot sichert Perspektiven<\/a><\/li>\n\n\n\n<li><a href=\"http:\/\/www.hpv-ev.org\/wp-content\/uploads\/2021\/01\/HPV-Aushang-01-2021-Gefahrenherde-erfordern-Zusammenhalt-1.pdf\">HPV-Aushang 01\/2021 &#8211; Gefahrenherde erfordern Zusammenhalt<\/a><\/li>\n<\/ul>\n\n\n\n<h3 class=\"wp-block-heading\">Tarifrunde 2018\/19<\/h3>\n\n\n\n<p>&#8222;F\u00fcr Sicherheit und Zukunft &#8211; Gemeinsam erfolgreich\u201c: Die Arbeitgeber der Papier, Pappe und Kunststoffe verarbeitenden Industrie wollten den seit 2010 erfolgreich beschrittenen gemeinsamen tarifpolitischen Erfolgskurs auch im Tarifjahr 2018 in einer sicheren und zukunftsf\u00e4higen Branche fortsetzen. Der Tarifvertrag vom 10. Januar 2017 hatte eine Laufzeit bis zum 31. Oktober 2018. Die Gewerkschaft ver.di hat den g\u00fcltigen Tarifvertrag form- und fristgerecht zum 31. Oktober 2018 gek\u00fcndigt.<\/p>\n\n\n\n<p><strong>Pressemitteilungen und Aush\u00e4nge<\/strong><\/p>\n\n\n\n<ul class=\"wp-block-list\">\n<li><a href=\"http:\/\/www.hpv-ev.org\/wp-content\/uploads\/2019\/02\/20190219-HPV-Aushang_12-final.pdf\">HPV-Aushang 05\/2019 &#8211; Ein mehr als fairer Abschluss<\/a><\/li>\n\n\n\n<li><a href=\"http:\/\/www.hpv-ev.org\/wp-content\/uploads\/2019\/02\/20190208-HPV-Aushang_11-final.pdf\">HPV-Aushang 04\/2019 &#8211; Die Zeiten \u00e4ndern sich<\/a><\/li>\n\n\n\n<li><a href=\"http:\/\/www.hpv-ev.org\/wp-content\/uploads\/2019\/01\/20190214-HPV-Aushang_10-final.pdf\">HPV-Aushang 03\/2019 &#8211; Die Wahrheit \u00fcber unsere \u00d6ffnungsklausel<\/a><\/li>\n\n\n\n<li><a href=\"http:\/\/www.hpv-ev.org\/wp-content\/uploads\/2019\/01\/20190115-HPV-Aushang_10_final-e1547563361193.png\">HPV-Aushang 02\/2019 &#8211; Das hat ver.di abgelehnt<\/a><\/li>\n\n\n\n<li><a href=\"http:\/\/www.hpv-ev.org\/wp-content\/uploads\/2019\/01\/20190107-HPV-Aushang_7_final2.png\">HPV-Aushang 01\/2019 &#8211; Gespr\u00e4chsbereit!<\/a><\/li>\n\n\n\n<li><a href=\"http:\/\/www.hpv-ev.org\/wp-content\/uploads\/2018\/11\/20181121-HPV-Aushang_7_final.pdf\">HPV-Aushang 07\/2018 &#8211; Eine richtig gute Perspektive<\/a><\/li>\n\n\n\n<li><a href=\"http:\/\/www.hpv-ev.org\/wp-content\/uploads\/2018\/11\/20181115-HPV-Aushang_5_final.pdf\">HPV-Aushang 06\/2018 &#8211; Branchenspezifisch steigende Kosten zerst\u00f6ren die Zukunftsrendite<\/a><\/li>\n\n\n\n<li><a href=\"http:\/\/www.hpv-ev.org\/wp-content\/uploads\/2018\/10\/HPV-Aushang_5_final.pdf\">HPV-Aushang 05\/2018 &#8211; Tarifverhandlungen erfordern einen Branchenfokus<\/a><\/li>\n\n\n\n<li><a href=\"http:\/\/www.hpv-ev.org\/wp-content\/uploads\/2018\/09\/20180912-HPV-Aushang_4_final.pdf\">HPV-Aushang 04\/2018 &#8211; Gemeinsame Verantwortung<\/a><\/li>\n\n\n\n<li><a href=\"http:\/\/www.hpv-ev.org\/wp-content\/uploads\/2018\/07\/20180723-HPV-Aushang_3_final.pdf\">HPV-Aushang 03\/2018 &#8211; Gemeinsam Kurs halten<\/a><\/li>\n\n\n\n<li><a href=\"http:\/\/www.hpv-ev.org\/wp-content\/uploads\/2018\/06\/20180618-HPV-Aushang_2_final.pdf\">HPV-Aushang 02\/2018 &#8211; Gemeinsam erfolgreich<\/a><\/li>\n\n\n\n<li><a href=\"http:\/\/www.hpv-ev.org\/wp-content\/uploads\/2018\/03\/20180308-HPV-Aushang_1_final.pdf\">HPV-Aushang 01\/2018 &#8211; Mehr Geld im Jahr 2018<\/a><\/li>\n<\/ul>\n\n\n<h3>Tarifrunde 2016\/17<\/h3>\n<p>&#8222;F\u00fcr Sicherheit und Zukunft &#8211; gemeinsam erfolgreich&#8220; lautete die Kampagne der Arbeitgeber in der Tarifrunde des Jahres 2016. Der Tarifabschlusses vom 20. Januar 2017 sah eine Laufzeit von insgesamt 24 Monaten ab dem 1. November 2016 vor. Der Tarifvertrag kann fr\u00fchestens zum 31. Oktober 2018 gek\u00fcndigt werden. Der Abschluss sah zwei Erh\u00f6hungen der Entgelte vor: Zum 1. Januar 2017 stiegen die L\u00f6hne um 2,1 % und zum 1. April 2018 um weitere 2,1 %. Unser Ziel, nach zwei Abschl\u00fcssen mit hohen Reallohnsteigerungen, den Unternehmen bessere Handlungsspielr\u00e4ume f\u00fcr Investitionen und gleichzeitig mehr Planungssicherheit zu verschaffen, ist erreicht worden. Die Sozialpartner haben sich gemeinsam &#8222;f\u00fcr Sicherheit und Zukunft&#8220; der Branche eigesetzt und Verantwortung bewiesen.<\/p>\n<p><strong>Pressemitteilungen und Aush\u00e4nge<\/strong><\/p>\n<ul>\n<li><a href=\"http:\/\/www.hpv-ev.org\/wp-content\/uploads\/2018\/09\/HPV-100117-PM-Vierte-Runde_Abschluss.pdf\">HPV Pressemitteilung zum Verhandlungsabschluss (10012017)<\/a><\/li>\n<li><a href=\"http:\/\/www.hpv-ev.org\/wp-content\/uploads\/2018\/09\/20170110-HPV-Aushang_9_final.pdf\">HPV Aushang 9\/2016<\/a><\/li>\n<li><a href=\"http:\/\/www.hpv-ev.org\/wp-content\/uploads\/2018\/09\/20170105-PM-Vorfeld-Vierte-Runde_final.pdf\">HPV Pressemitteilung zur vierten Verhandlungsrunde (05012017)<\/a><\/li>\n<li><a href=\"http:\/\/www.hpv-ev.org\/wp-content\/uploads\/2018\/09\/20161221-PM-Dritte-Runde_Vertagung.pdf\">HPV Pressemitteilung zum Ergebnis der dritten Verhandlungsrunde (22122016)<\/a><\/li>\n<li><a href=\"http:\/\/www.hpv-ev.org\/wp-content\/uploads\/2018\/09\/20170104-HPV-Aushang_8_final.pdf\">HPV Aushang 8\/2016<\/a><\/li>\n<li><a href=\"http:\/\/www.hpv-ev.org\/wp-content\/uploads\/2018\/09\/20161123-PM-RundeZwei_final.pdf\">HPV Pressemitteilung zur dritten Verhandlungsrunde (16122016)<\/a><\/li>\n<li><a href=\"http:\/\/www.hpv-ev.org\/wp-content\/uploads\/2018\/09\/20161216-HPV-Aushang_7_final.pdf\">HPV Aushang 7\/2016<\/a><\/li>\n<li><a href=\"http:\/\/www.hpv-ev.org\/wp-content\/uploads\/2018\/09\/20161128-HPV-Aushang_6_final.pdf\">HPV Aushang 6\/2016<\/a><\/li>\n<li><a href=\"http:\/\/www.hpv-ev.org\/wp-content\/uploads\/2018\/09\/20161125-PM-Resultat-zweite-Runde25112016.pdf\">HPV Pressemitteilung zum Ergebnis der zweiten Verhandlungsrunde (25112016)<\/a><\/li>\n<li><a href=\"http:\/\/www.hpv-ev.org\/wp-content\/uploads\/2018\/09\/20161123-PM-RundeZwei_final.pdf\">HPV Pressemitteilung zur zweiten Verhandlungsrunde (23112016)<\/a><\/li>\n<li><a href=\"http:\/\/www.hpv-ev.org\/wp-content\/uploads\/2018\/09\/20161122-HPV-Aushang_5_final.pdf\">HPV Aushang 5\/2016<\/a><\/li>\n<li><a href=\"http:\/\/www.hpv-ev.org\/wp-content\/uploads\/2018\/09\/20161104-PM-Resultat-1.-TV04112016.pdf\">HPV Pressemitteilung zum Ergebnis der ersten Verhandlungsrunde (04112016)<\/a><\/li>\n<li><a href=\"http:\/\/www.hpv-ev.org\/wp-content\/uploads\/2018\/09\/20161102-PM-Auftakt-Verhandlung02112016.pdf\">HPV Pressemitteilung zum Auftakt der Tarifverhandlungen (02112016)<\/a><\/li>\n<li><a href=\"http:\/\/www.hpv-ev.org\/wp-content\/uploads\/2018\/09\/20161027-HPV-Aushang_4_final.pdf\">HPV Aushang 4\/2016<\/a><\/li>\n<li><a href=\"http:\/\/www.hpv-ev.org\/wp-content\/uploads\/2018\/09\/20160811-HPV-Aushang_1_final.pdf\">HPV Aushang 3\/2016<\/a><\/li>\n<li><a href=\"http:\/\/www.hpv-ev.org\/wp-content\/uploads\/2018\/09\/20160922ForderungderGewerkschaftver.diA1HPV220916PMVerdi_Forderung.pdf\">HPV Pressemitteilung zur Forderung der Gewerkschaft ver.di(220916)<\/a><\/li>\n<li><a href=\"http:\/\/www.hpv-ev.org\/wp-content\/uploads\/2018\/09\/20160811-HPV-Aushang_1_final.pdf\">HPV-Aushang 2\/2016<\/a><\/li>\n<li><a href=\"http:\/\/www.hpv-ev.org\/wp-content\/uploads\/2018\/09\/20160811-HPV-Aushang_1_final.pdf\">HPV Aushang 1\/2016<\/a><\/li>\n<\/ul>\n<h3>&nbsp;<\/h3>\n<h3>Tarifrunde 2014<\/h3>\n<p>&#8222;Weiter an einem Strang&#8220; hie\u00df erneut die Kampagne der Arbeitgeber in der Tarifrunde des Jahres 2014 mit dem Ziel, einen fairen und wieder l\u00e4nger wirkender Abschluss zu erreichen. Die am 31. Oktober 2014 getroffene Vereinbarung sah eine erste Lohnerh\u00f6hung in H\u00f6he von 2,4 Prozent ab dem 1. Dezember 2014 und eine weitere Lohnerh\u00f6hung von 2,6 Prozent ab dem 1. November 2015<br \/>vor. Die Laufzeit des Abschlusses betrug 26 Monate, der Tarifvertrag war erstmals zum 31. Oktober 2016 k\u00fcndbar. Die Ziele waren eine lange Planungssicherheit und angemessene<br \/>Lohnerh\u00f6hungen f\u00fcr die Besch\u00e4ftigten, die die schwierige Branchenlage widerspiegeln. Beides ist gemeinsam gelungen, nachdem die beiden Sozialpartner &#8222;weiter an einem Strang&#8220; gezogen haben.<\/p>\n<p><strong>Pressemitteilungen<\/strong><\/p>\n<ul>\n<li><a href=\"http:\/\/www.hpv-ev.org\/wp-content\/uploads\/2017\/12\/12-20141031HPV_Aushang_Tarifabschluss.pdf\">HPV Aushang 12\/2014<\/a><\/li>\n<li><a href=\"http:\/\/www.hpv-ev.org\/wp-content\/uploads\/2017\/12\/20141031-HPV_PM_Vierte-Verhandlungsrunde_Abschluss_F.pdf\">HPV Pressemitteilung zum Tarifabschluss (31102014)<\/a><\/li>\n<li><a href=\"http:\/\/www.hpv-ev.org\/wp-content\/uploads\/2017\/12\/11-20141024HPV_Aushang_Oktober_II_F.pdf\">HPV Aushang 11\/2014<\/a><\/li>\n<li><a href=\"http:\/\/www.hpv-ev.org\/wp-content\/uploads\/2017\/12\/20141017-HPV_PM_Termin_Vierte-Verhandlungsrunde.pdf\">HPV Pressemitteilung zur vierten Verhandlungsrunde (17102014)<\/a><\/li>\n<li><a href=\"http:\/\/www.hpv-ev.org\/wp-content\/uploads\/2017\/12\/11-20141024HPV_Aushang_Oktober_II_F.pdf\">HPV Aushang 10\/2014<\/a><\/li>\n<li><a href=\"http:\/\/www.hpv-ev.org\/wp-content\/uploads\/2017\/12\/9-20141002HPV_Aushang_Vertagung.pdf\">HPV Aushang 09\/2014<\/a><\/li>\n<li><a href=\"http:\/\/www.hpv-ev.org\/wp-content\/uploads\/2017\/12\/20141002-HPV_PM_Dritte-Verhandlungsrunde_Vertagung.pdf\">HPV Pressemitteilung zum Ergebnis der dritten Verhandlungsrunde (02102014)<\/a><\/li>\n<li><a href=\"http:\/\/www.hpv-ev.org\/wp-content\/uploads\/2017\/12\/20140926-HPV_PM_Termin_Dritte_Verhandlungsrunde.pdf\">HPV Pressemitteilung <\/a><a href=\"http:\/\/www.hpv-ev.org\/wp-content\/uploads\/2017\/12\/20140926-HPV_PM_Termin_Dritte_Verhandlungsrunde.pdf\">zur dritten Verhandlungsrunde(26092014)<\/a><\/li>\n<li><a href=\"http:\/\/www.hpv-ev.org\/wp-content\/uploads\/2017\/12\/8-20140926HPV_Aushang_September_F.pdf\">HPV Aushang 08\/2014<\/a><\/li>\n<li><a href=\"http:\/\/www.hpv-ev.org\/wp-content\/uploads\/2017\/12\/7-20140917HPV_Aushang_ZweiteVerhandlung.pdf\">HPV Aushang 07\/2014<\/a><\/li>\n<li><a href=\"http:\/\/www.hpv-ev.org\/wp-content\/uploads\/2017\/12\/20140917-HPV_PM_Zweite-Verhandlungsrunde.pdf\">HPV Pressemitteilung zum Ergebnis der zweit<\/a><a href=\"http:\/\/www.hpv-ev.org\/wp-content\/uploads\/2017\/12\/20140917-HPV_PM_Zweite-Verhandlungsrunde.pdf\">en Verhandlungsrunde (17092014)<\/a><\/li>\n<li><a href=\"http:\/\/www.hpv-ev.org\/wp-content\/uploads\/2017\/12\/6-20140912HPV_Aushang_September_F.pdf\">HPV Aushang 06\/2014<\/a><\/li>\n<li><a href=\"http:\/\/www.hpv-ev.org\/wp-content\/uploads\/2017\/12\/5-20140828HPV_Aushang_Verhandlung1-1.pdf\">HPV Aushang 05\/2014<\/a><\/li>\n<li><a href=\"http:\/\/www.hpv-ev.org\/wp-content\/uploads\/2017\/12\/20140828-HPV_PM_Verhandlungsrunde-1.pdf\">HPV Pressemitteilung zum Ergebnis der ersten Verhandlungsrunde (2808214)<\/a><\/li>\n<li><a href=\"http:\/\/www.hpv-ev.org\/wp-content\/uploads\/2017\/12\/4-20140828HPV_Aushang_Verhandlung1.pdf\">HPV Aushang 04\/2014<\/a><\/li>\n<li><a href=\"http:\/\/www.hpv-ev.org\/wp-content\/uploads\/2017\/12\/20140821-HPV_PM_Termin_Erste_Verhandlungsrunde_F.pdf\">H<\/a><a href=\"http:\/\/www.hpv-ev.org\/wp-content\/uploads\/2017\/12\/20140821-HPV_PM_Termin_Erste_Verhandlungsrunde_F.pdf\">PV Pressemitteilung zum Verhandlungsauftakt (2808214)<\/a><\/li>\n<li><a href=\"http:\/\/www.hpv-ev.org\/wp-content\/uploads\/2017\/12\/20140710-HPV-PM.pdf\">HPV Pressemitteilung zur ver.di-Tarifforderung (10072014)<\/a><\/li>\n<li><a href=\"http:\/\/www.hpv-ev.org\/wp-content\/uploads\/2017\/12\/3-20140714-HPV_Aushang_Juli_final.pdf\">HPV Aushang 03\/2014<\/a><\/li>\n<li><a href=\"http:\/\/www.hpv-ev.org\/wp-content\/uploads\/2017\/12\/2-20140606-HPV_Aushang_Juniendg.pdf\">HPV Aushang 02\/2014)<\/a><\/li>\n<li><a href=\"http:\/\/www.hpv-ev.org\/wp-content\/uploads\/2017\/12\/1-20140428-HPV_Aushang_Aprilendg.pdf\">HPV Aushang 01\/2014<\/a><\/li>\n<\/ul>\n<h3>Tarifrunde 2012<\/h3>\n<p>&#8222;Weiter an einem Strang&#8220;. Unter dieser Idee stand f\u00fcr die Arbeitgeber die Tarifrunde 2012. Ziel war ein fairer und wieder l\u00e4nger wirkender Abschluss.<\/p>\n<p>In der Tarifrunde 2012 forderte ver.di eine Erh\u00f6hung der Entgelte um 6,5% bei einer Laufzeit von 12 Monaten ab dem 1. September 2012. Die Tarifverhandlungen endeten am 7. September 2012 ohne Arbeitskampf nach der 2. Verhandlungsrunde mit einer Erh\u00f6hung der Entgelte um 3,1% am 1. November 2012, um weitere 3% am 1. November 2013 bei einer Mindestlaufzeit bis zum 31. August 2014.<\/p>\n<\/p>\n<p><strong>Pressemitteilungen<\/strong><\/p>\n<ul>\n<li><a href=\"http:\/\/www.hpv-ev.org\/wp-content\/uploads\/2017\/08\/PMHPVTariferhoehungMaerz.pdf\">Pressemitteilung zur Tariferh\u00f6hung 1. M\u00e4rz 2012 (01.03.2012)<\/a><\/li>\n<li><a href=\"http:\/\/www.hpv-ev.org\/wp-content\/uploads\/2017\/08\/AushangHPVTariferhoehungMaerz.pdf\">Aushang zur Tariferh\u00f6hung 1. M\u00e4rz 2012 (01.03.2012)<\/a><\/li>\n<li><a href=\"http:\/\/www.hpv-ev.org\/wp-content\/uploads\/2017\/08\/HPV_PM_1_Tarifjahr2012_12_07_05.pdf\">Pressemitteilung zur Forderung von verdi (05.07.2012)<\/a><\/li>\n<li><a href=\"http:\/\/www.hpv-ev.org\/wp-content\/uploads\/2017\/08\/Tarifjahr2012AushangII11-07-2012.pdf\">Aushang II zur Forderung von verdi (11.07.2012)<\/a><\/li>\n<li><a href=\"http:\/\/www.hpv-ev.org\/wp-content\/uploads\/2017\/08\/HPV_PM_Auftakt_Tarifrunde_2012.pdf\">Pressemeldung vor Verhandlungsauftakt (13.08.2012 )<\/a><\/li>\n<li><a href=\"http:\/\/www.hpv-ev.org\/wp-content\/uploads\/2017\/08\/HPV_TR12_Aushang_Verhandlungsauftakt_120817.pdf\">Aushang zum Verhandlungsauftakt (17.08.2012)<\/a><\/li>\n<li><a href=\"http:\/\/www.hpv-ev.org\/wp-content\/uploads\/2017\/08\/Sonderrundschreiben1TarifverhandlungPV2012.pdf\">Sonderrundschreiben zur 1. Tarifverhandlung (17.08.2012)<\/a><\/li>\n<li><a href=\"http:\/\/www.hpv-ev.org\/wp-content\/uploads\/2017\/08\/HPVAushangTarifrunde2012-KW36.pdf\">Aushang vor der 2. Tarifverhandlung (03.09.2012)<\/a><\/li>\n<li><a href=\"http:\/\/www.hpv-ev.org\/wp-content\/uploads\/2017\/08\/HPV_PM_03-09-2012_Hinweis_Zweite_Verhandlungsrunde.pdf\">Pressemeldung Hinweis auf 2. Verhandlung (03.09.2012))<\/a><\/li>\n<li><a href=\"http:\/\/www.hpv-ev.org\/wp-content\/uploads\/2017\/08\/HPV_TR12_Aushang_Tarifergebnis_120908.pdf\">Aushang Tarifergebnis (07.09.2012)<\/a><\/li>\n<li><a href=\"http:\/\/www.hpv-ev.org\/wp-content\/uploads\/2017\/08\/HPV_TR12_PM_Tarifergebnis_120907.pdf\">Pressemeldung Tarifergebnis (07.09.2012)<\/a><\/li>\n<li><a href=\"http:\/\/www.hpv-ev.org\/wp-content\/uploads\/2017\/08\/SonderrundschreibenVerhandlung2Tarifrunde2012korr.pdf\">Sonderrundschreiben 2. Verhandlung und Ergebnis (07.09.2012)<\/a><\/li>\n<\/ul>\n<h3>Tarifrunde 2010<\/h3>\n<p>\u201eDie Weichen auf Zukunft stellen\u201c: Nach einem historischen Umsatz- und Auftragseinbruch in der deutschen Papier, Pappe und Kunststoffe verarbeitenden Industrie stand die Tarifrunde 2010 ganz im Zeichen der Krisenbew\u00e4ltigung und der Zukunftsvorsorge.<\/p>\n<p>In dieser Tarifrunde im April\/Mai 2010 forderte ver.di eine Erh\u00f6hung der Entgelte um 4,5% bei einer Laufzeit von 12 Monaten ab dem 1. Mai 2010. Die Tarifverhandlungen endeten am 20. Mai 2010 mit einer Erh\u00f6hung der Entgelte um 1,3% am 1. November 2010, um weitere 1,5% am 1. Mai 2011 sowie um weitere 1,3% am 1. M\u00e4rz 2012 bei einer Mindestlaufzeit bis zum 31. August 2012.<\/p>\n<p><strong>Pressemitteilungen<\/strong><\/p>\n<ul>\n<li><a href=\"http:\/\/www.hpv-ev.org\/wp-content\/uploads\/2017\/08\/HPV_TR10_PM_Abschluss200510_F.pdf\">Pressemitteilung zum Abschluss der Tarifrunde (20.05.2010)<\/a><\/li>\n<li><a href=\"http:\/\/www.hpv-ev.org\/wp-content\/uploads\/2017\/08\/HPV_TR10_PMvordritterVerhandlung170510.pdf\">Pressemitteilung zum Start der 3. Verhandlungsrunde (17.05.2005)<\/a><\/li>\n<li><a href=\"http:\/\/www.hpv-ev.org\/wp-content\/uploads\/2017\/08\/TR2010PM4.pdf\">Pressemitteilung zum Verlauf der 2. Verhandlungsrunde (05.05.2010)<\/a><\/li>\n<li><a href=\"http:\/\/www.hpv-ev.org\/wp-content\/uploads\/2017\/08\/TR2010PM3.pdf\">Pressemitteilung zum Start der 2. Verhandlungsrunde (03.05.2010)<\/a><\/li>\n<li><a href=\"http:\/\/www.hpv-ev.org\/wp-content\/uploads\/2017\/08\/TR2010PM2.pdf\">Pressemitteilung zur ersten Verhandlungsrunde (23.04.2010)<\/a><\/li>\n<li><a href=\"http:\/\/www.hpv-ev.org\/wp-content\/uploads\/2017\/08\/HPV_TR10_PMVorfeld.pdf\">Pressemitteilung zum Start der Tarifrunde (19.04.2010)<\/a><\/li>\n<\/ul>\n<p><strong>Klartext<\/strong><\/p>\n<ul>\n<li><a href=\"http:\/\/www.hpv-ev.org\/wp-content\/uploads\/2017\/08\/KlartextNr5AbschlussKorr.pdf\">KlartextNr5AbschlussKorr<\/a>Klartext Nr. 5 zum Abschluss der Tarifrunde (20.05.2010)<\/li>\n<li><a href=\"http:\/\/www.hpv-ev.org\/wp-content\/uploads\/2017\/08\/HPV_TR10_VordritterVerhandlung_170510K.pdf\">Klartext Nr. 4 (17.05.2010)<\/a><\/li>\n<li><a href=\"http:\/\/www.hpv-ev.org\/wp-content\/uploads\/2017\/08\/TR2010KT3.pdf\">Klartext Nr. 3 (05.05.2010)<\/a><\/li>\n<li><a href=\"http:\/\/www.hpv-ev.org\/wp-content\/uploads\/2017\/08\/TR2010KT2.pdf\">Klartext Nr. 2 (23.04.2010)<\/a><\/li>\n<li><a href=\"http:\/\/www.hpv-ev.org\/wp-content\/uploads\/2017\/08\/HPV_TR10_Klartext1.pdf\"> Klartext Nr. 1 (19.04.2010)<\/a><\/li>\n<\/ul>\n<h3>Tarifrunde 2008<\/h3>\n<p>In der Lohntarifrunde im Mai 2008 forderte die Gewerkschaft 8 % Lohnerh\u00f6hung bei einer Laufzeit von 12 Monaten. Die Tarifverhandlungen endeten mit einer Erh\u00f6hung der Tarifl\u00f6hne ab 01. Mai 2008 um 3,9 % und mit Wirkung zum 01.05.2009 um weitere 2,9 % bei einer Laufzeit von 25 Monaten bis zum 30. April 2010.<\/p>","protected":false},"excerpt":{"rendered":"<p>Tarifrunde 2023 Der Hauptverband Papier- und Kunststoffverarbeitung (HPV) und die Gewerkschaft Verdi haben sich in der f\u00fcnften Verhandlungsrunde auf einen neuen Tarifvertrag geeinigt. Der Abschluss gelang nach rund 15-st\u00fcndigen intensiven Gespr\u00e4chen in Frankfurt am Main am 13. April 2023. Insgesamt wurden die tariflichen Entgelte um 8,6 Prozent erh\u00f6ht; au\u00dferdem gew\u00e4hrten die Arbeitgeber eine Inflationsausgleichspr\u00e4mie in [&hellip;]<\/p>\n","protected":false},"author":1,"featured_media":0,"parent":15,"menu_order":4,"comment_status":"closed","ping_status":"closed","template":"","meta":{"footnotes":""},"class_list":["post-24","page","type-page","status-publish","hentry"],"_links":{"self":[{"href":"https:\/\/www.hpv-ev.org\/index.php\/wp-json\/wp\/v2\/pages\/24","targetHints":{"allow":["GET"]}}],"collection":[{"href":"https:\/\/www.hpv-ev.org\/index.php\/wp-json\/wp\/v2\/pages"}],"about":[{"href":"https:\/\/www.hpv-ev.org\/index.php\/wp-json\/wp\/v2\/types\/page"}],"author":[{"embeddable":true,"href":"https:\/\/www.hpv-ev.org\/index.php\/wp-json\/wp\/v2\/users\/1"}],"replies":[{"embeddable":true,"href":"https:\/\/www.hpv-ev.org\/index.php\/wp-json\/wp\/v2\/comments?post=24"}],"version-history":[{"count":37,"href":"https:\/\/www.hpv-ev.org\/index.php\/wp-json\/wp\/v2\/pages\/24\/revisions"}],"predecessor-version":[{"id":9852,"href":"https:\/\/www.hpv-ev.org\/index.php\/wp-json\/wp\/v2\/pages\/24\/revisions\/9852"}],"up":[{"embeddable":true,"href":"https:\/\/www.hpv-ev.org\/index.php\/wp-json\/wp\/v2\/pages\/15"}],"wp:attachment":[{"href":"https:\/\/www.hpv-ev.org\/index.php\/wp-json\/wp\/v2\/media?parent=24"}],"curies":[{"name":"wp","href":"https:\/\/api.w.org\/{rel}","templated":true}]}}