{"id":14,"date":"2017-08-28T01:20:34","date_gmt":"2017-08-27T23:20:34","guid":{"rendered":"http:\/\/www.hpv-ev.org\/index.php\/ueber-uns\/datenschutz\/"},"modified":"2022-10-13T15:14:18","modified_gmt":"2022-10-13T13:14:18","slug":"datenschutz","status":"publish","type":"page","link":"https:\/\/www.hpv-ev.org\/index.php\/ueber-uns\/datenschutz\/","title":{"rendered":"Datenschutz"},"content":{"rendered":"<h3><strong>Datenschutz<\/strong><\/h3>\n<p>Mit den folgenden Informationen m\u00f6chten wir Ihnen einen \u00dcberblick \u00fcber die Verarbeitung Ihrer personenbezogenen Daten durch uns und Ihre Rechte aus dem Datenschutzrecht geben. Welche Daten im Einzelnen verarbeitet und in welcher Weise genutzt werden, richtet sich ma\u00dfgeblich nach den beantragten bzw. vereinbarten Dienstleistungen. Daher werden nicht alle Teile dieser Informationen auf Sie zutreffen. Generell gilt: Wir, der Hauptverband Papier- und Kunststoff\u00adverar\u00adbeitung (HPV) e.V., nehmen den Schutz Ihrer pers\u00f6nlichen Daten sehr ernst. Wir weisen darauf hin, dass sich diese Website ausschlie\u00dflich an vollj\u00e4hrige Personen richtet.<\/p>\n<p><strong>1. Wer ist f\u00fcr die Datenverarbeitung verantwortlich und an wen kann ich mich wenden?<\/strong><\/p>\n<p>Verantwortlich ist der Hauptverband Papier- und Kunststoff\u00adverar\u00adbeitung (HPV) e.V.<\/p>\n<p>Chausseestr. 22, 10115 Berlin<br \/>\nT +49 (30) 247 8183-0<br \/>\nM info[at]hpv-ev[.]org<\/p>\n<p>Sie erreichen unseren Datenschutzbeauftragten unter oben genannter Adresse unter dem Zusatz DATENSCHUTZ oder unter folgendem E-Mail-Kontakt: info[at]hpv-ev[.]org<\/p>\n<p><strong>2. Welche Quellen und Daten nutzen wir \u00fcberhaupt?<\/strong><\/p>\n<p>Wir verarbeiten personenbezogene Daten, die wir im Rahmen der Nutzung unserer website unter anderem durch Kunden\/ Bewerber oder auch Interessenten (im Folgenden: Sie) erhalten.<\/p>\n<p><strong>3. Wof\u00fcr verarbeiten wir Ihre Daten (Zweck der Verarbeitung) und auf welcher Rechtsgrundlage?<\/strong><\/p>\n<p>Wir verarbeiten personenbezogene Daten im Einklang mit den Bestimmungen der EU-Datenschutzgrundverordnung (DSGVO) und dem Bundesdatenschutzgesetz (BDSG)<\/p>\n<p><strong>a) zur Erf\u00fcllung von vertraglichen Pflichten (Art. 6 Abs. 1 b DSGVO)<\/strong><\/p>\n<p>Die Verarbeitung von Daten kann im Rahmen der Durchf\u00fchrung von Vertr\u00e4gen mit Ihnen als unser Kunde oder zur Durchf\u00fchrung vorvertraglicher Ma\u00dfnahmen erfolgen.<\/p>\n<p><strong>b) im Rahmen der Interessenabw\u00e4gung (Art. 6 Abs. 1 f DSGVO)<\/strong><\/p>\n<p>Soweit erforderlich k\u00f6nnen wir Ihre Daten \u00fcber die eigentliche Erf\u00fcllung des Vertrages hinaus zur Wahrung berechtigter Interessen von uns oder Dritten verarbeiten. Beispiele:<\/p>\n<ul>\n<li>Pr\u00fcfung und Optimierung von Verfahren zur Bedarfsanalyse zwecks direkter Kundenansprache,<\/li>\n<li>Werbung oder Markt- und Meinungsforschung soweit Sie der Nutzung Ihrer Daten nicht widersprochen haben,<\/li>\n<li>Geltendmachung rechtlicher Anspr\u00fcche und Verteidigung bei rechtlichen Streitigkeiten,<\/li>\n<li>Gew\u00e4hrleistung der IT-Sicherheit und des IT-Betriebs des Unternehmens,<\/li>\n<li>Ma\u00dfnahmen zur Gesch\u00e4ftssteuerung und Weiterentwicklung von Dienstleistungen und Produkten,<\/li>\n<\/ul>\n<p><strong>c) aufgrund Ihrer Einwilligung (Art. 6 Abs. 1 a DSGVO)<\/strong><\/p>\n<p>Soweit Sie uns eine Einwilligung zur Verarbeitung von personenbezogenen Daten f\u00fcr bestimmte Zwecke (z.B. zu Marketingzwecken, Newsletterversand) erteilt haben, ist die Rechtm\u00e4\u00dfigkeit dieser Verarbeitung auf Basis Ihrer Einwilligung gegeben.<\/p>\n<p><strong>d) aufgrund gesetzlicher Vorgaben (Art. 6 Abs. 1 c DSGVO) oder im \u00f6ffentlichen Interesse (Art. 6 Abs. 1 e DSGVO)<\/strong><\/p>\n<p>Zudem unterliegen wir diversen rechtlichen Verpflichtungen, das hei\u00dft gesetzlichen Anforderungen (z.B. Steuergesetze). Zu den Zwecken der Verarbeitung geh\u00f6ren unter anderem die Erf\u00fcllung steuerrechtlicher Kontroll- und Meldepflichten und vieles mehr.<\/p>\n<p><strong>e) im Rahmen der Begr\u00fcndung eines Besch\u00e4ftigtenverh\u00e4ltnisses Art. 88 DSGVO i.V.m. \u00a7 26 Abs. 1 BDSG)<\/strong><\/p>\n<p>Sofern Sie sich bei uns bewerben, darf ebenfalls eine Verarbeitung ihrer personenbezogenen Daten erfolgen.<\/p>\n<p><strong>4. Was bedeutet das nun im Einzelnen bezogen auf die Bereitstellung dieser Website mit den darin zur Verf\u00fcgung stehen Diensten?<\/strong><\/p>\n<p><strong>4.1 Bereitstellung der Website und Erstellung von Logfiles<\/strong><\/p>\n<p>Bei jedem Aufruf unserer Internetseite erfasst unser System automatisiert Daten und Informationen vom Computersystem des aufrufenden Rechners. Folgende Daten werden hierbei erhoben:<br \/>\n(1) Informationen \u00fcber den Browsertyp und die verwendete Version<br \/>\n(2) das Betriebssystem des Nutzers<br \/>\n(3) den Internet-Service-Provider des Nutzers<br \/>\n(4) die IP-Adresse des Nutzers<br \/>\n(5) Datum und Uhrzeit des Zugriffs<br \/>\n(6) Websites, von denen das System des Nutzers aus auf unsere Internetseite gelangt<br \/>\n(7) Websites, die vom System des Nutzers aus \u00fcber unsere Website aufgerufen werden<\/p>\n<p>Die Daten werden ebenfalls in den Logfiles unseres Systems gespeichert. Eine Speicherung dieser Daten zusammen mit anderen personenbezogenen Daten des Nutzers findet nicht statt.<br \/>\nRechtsgrundlage f\u00fcr die vor\u00fcbergehende Speicherung der Daten unter Logfiles ist Art. 6 Abs. 1 lit. f DSGVO.<br \/>\nDie vor\u00fcbergehende Speicherung der IP-Adresse durch das System ist notwendig, um eine Auslieferung der Website an den Rechner des Nutzers zu erm\u00f6glichen. Hierf\u00fcr muss die IP-Adresse des Nutzers f\u00fcr die Dauer der Sitzung gespeichert bleiben. Die Speicherung in Logfiles erfolgt, die Funktionsf\u00e4higkeit der Website sicherzustellen. Zudem dienen uns die Daten zur Optimierung der Website und zur Sicherstellung der Sicherheit unserer informationstechnischen Systeme. Eine Auswertung der Daten zu Marketingzwecken findet in diesem Zusammenhang nicht statt. Diese Zwecke stellen unser berechtigtes Interesse an der Datenverarbeitung gem. Art. 6 Abs. 1 lit. f DSGVO dar.<br \/>\nDie Daten werden gel\u00f6scht, sobald sie f\u00fcr die Erreichung des Zweckes ihrer Erhebung nicht mehr erforderlich sind. Im Falle der Erfassung der Daten zur Bereitstellung der Website ist dies der Fall, wenn die jeweilige Sitzung beendet ist.<br \/>\nIm Falle der Speicherung der Daten in Logfiles ist dies nach sp\u00e4testens sieben Tagen der Fall. Eine dar\u00fcberhinausgehende Speicherung ist m\u00f6glich. In diesem Fall werden die IP-Adressen der Nutzer gel\u00f6scht oder verfremdet, sodass eine Zuordnung des anrufenden Clients nicht mehr m\u00f6glich ist.<br \/>\nDer Erfassung der Daten zur Bereitstellung der Website und die Speicherung der Daten in Logfiles ist f\u00fcr den Betrieb der Internetseite zwingend erforderlich. Es besteht folglich seitens des Nutzers keine Widerspruchsm\u00f6glichkeit.<\/p>\n<p><strong>4.2 Kontaktformular und E-Mail-Kontakt <\/strong><\/p>\n<p>Auf unserer Internetseite ist ein Kontaktformular vorhanden, welches f\u00fcr die elektronische Kontaktaufnahme benutzt werden kann. Nehmen Sie diese M\u00f6glichkeit war, so werden die in der Eingabemaske eingegebenen Daten an uns \u00fcbermittelt und gespeichert. Diese Daten sind:<br \/>\n(a) (Anrede, Titel, Vorname, Name, Firma, Stra\u00dfe, Hausnummer, PLZ, Ort, E-Mail-Adresse, Telefonnummer, Betreff, Freitext f\u00fcr Nachrichten)<\/p>\n<p>Im Zeitpunkt der Registrierung werden zudem folgende Daten gespeichert:<br \/>\n(a) Die IP-Adresse des Nutzers<br \/>\n(b) Datum und Uhrzeit der Registrierung<br \/>\nF\u00fcr die Verarbeitung Ihrer Daten wird im Rahmen des Absendervorgangs Ihre Einwilligung eingeholt und auf diese Datenschutzerkl\u00e4rung verwiesen.<br \/>\nAlternativ ist eine Kontaktaufnahme \u00fcber die bereitgestellte E-Mail-Adresse m\u00f6glich. In diesem Fall werden die mit Ihrer E-Mail \u00fcbermittelten personenbezogenen Daten gespeichert. Es erfolgt in diesem Zusammenhang keine Weitergabe der Daten an Dritte. Die Daten werden ausschlie\u00dflich f\u00fcr die Verarbeitung der Konversation verwendet.<br \/>\nRechtsgrundlage f\u00fcr die Verarbeitung der Daten ist bei Vorliegen Ihrer Einwilligung Art. 6 Abs. 1 lit. a DSGVO.<br \/>\nRechtsgrundlage f\u00fcr die Verarbeitung der Daten, die im Zuge einer \u00dcbersendung einer E-Mail \u00fcbermittelt werden, ist Art. 6 Abs. 1 lit. f DSGVO. Zielt der E-Mail-Kontakt auf den Abschluss eines Vertrages ab, so ist zus\u00e4tzliche Rechtsgrundlage f\u00fcr die Verarbeitung Art. 6 Abs. 1 lit. b DSGVO.<br \/>\nDie Verarbeitung der personenbezogenen Daten auf der Eingabemaske dient uns allein zur Bearbeitung der Kontaktaufnahme. Im Falle einer Kontaktaufnahme per E-Mail liegt hieran auch das erforderliche berechtigte Interesse an der Verarbeitung der Daten. Die sonstigen w\u00e4hrend des Absendevorgangs verarbeiteten personenbezogenen Daten dienen dazu, einen Missbrauch des Kontaktformulars zu verhindern und die Sicherheit unserer informationstechnischen Systeme sicherzustellen.<br \/>\nDie Daten werden gel\u00f6scht, soweit sie f\u00fcr die Erreichung des Zwecks ihrer Erhebung nicht mehr erforderlich sind. F\u00fcr die personenbezogenen Daten aus der Eingabemaske des Kontaktformulars und diejenigen, die per E-Mail \u00fcbersandt wurden, ist dies dann der Fall, wenn die jeweilige Konversation mit Ihnen als Nutzer beendet ist. Dies ist dann der Fall, wenn sich aus den Umst\u00e4nden entnehmen l\u00e4sst, dass der betroffene Sachverhalt abschlie\u00dfend gekl\u00e4rt ist. Die w\u00e4hrend des Absendevorgangs zus\u00e4tzlich erhobenen personenbezogenen Daten werden sp\u00e4testens nach einer Frist von 7 Tagen gel\u00f6scht.<br \/>\nSie haben jederzeit die M\u00f6glichkeit, ihre Einwilligung zur Verarbeitung der personenbezogenen Daten zu widerrufen. Nehmen Sie per E-Mail Kontakt mit uns auf, so k\u00f6nnen Sie der Speicherung Ihrer personenbezogenen Daten jederzeit widersprechen. In einem solchen Fall kann die Konversation nicht fortgef\u00fchrt werden.<br \/>\nAlle personenbezogenen Daten, die im Zuge der Kontaktaufnahme gespeichert wurden, werden in diesem Fall gel\u00f6scht.<\/p>\n<p><strong>4.3 YouTube<\/strong><\/p>\n<p>Unsere Seite verwendet f\u00fcr die Einbindung von Videos den Anbieter\u00a0YouTube LLC ,\u00a0901 Cherry Avenue, San Bruno, CA 94066, USA,\u00a0vertreten durch Google Inc., 1600 Amphitheatre Parkway, Mountain View, CA 94043, USA. Normalerweise wird\u00a0bereits bei Aufruf einer Seite mit\u00a0eingebetteten Videos Ihre\u00a0IP-Adresse an\u00a0YouTube gesendet und Cookies auf Ihrem\u00a0Rechner installiert. Wir haben unsere YouTube-Videos jedoch mit dem erweiterten Datenschutzmodus eingebunden (in diesem Fall nimmt\u00a0YouTube immer noch Kontakt zu dem Dienst Double Klick von Google auf, doch werden\u00a0dabei laut der Datenschutzerkl\u00e4rung von Google personenbezogene Daten nicht ausgewertet). Dadurch\u00a0werden von YouTube keine Informationen \u00fcber die Besucher mehr\u00a0gespeichert, es sei denn, sie sehen sich das Video an. Wenn Sie das\u00a0Video anklicken, wird Ihre\u00a0IP-Adresse an\u00a0YouTube \u00fcbermittelt und\u00a0YouTube erf\u00e4hrt, dass Sie das\u00a0Video angesehen haben. Sind Sie bei\u00a0YouTube eingeloggt, wird diese Information auch Ihrem Benutzerkonto zugeordnet (dies k\u00f6nnen Sie verhindern, indem Sie sich vor dem Aufrufen des Videos bei\u00a0YouTube ausloggen).<\/p>\n<p>Von der dann m\u00f6glichen Erhebung und Verwendung Ihrer Daten durch\u00a0YouTube haben wir keine Kenntnis und darauf auch keinen Einfluss. N\u00e4here Informationen k\u00f6nnen Sie der Datenschutzerkl\u00e4rung von\u00a0YouTube \u00a0unter\u00a0<a href=\"http:\/\/www.google.de\/intl\/de\/policies\/privacy\/\" target=\"_blank\" rel=\"noopener noreferrer\">www.google.de\/intl\/de\/policies\/privacy\/<\/a>\u00a0entnehmen. Zudem verweisen wir f\u00fcr den generellen Umgang mit und die Deaktivierung von Cookies auf unsere allgemeine Darstellung in dieser Datenschutzerkl\u00e4rung.<\/p>\n<p><b data-stringify-type=\"bold\">4.4 Mitgliederbereich<\/b><\/p>\n<p>Beim Einloggen in den Mitgliederbereich unserer Internetseite erfasst unser System automatisiert Daten und Informationen vom Computersystem des aufrufenden Rechners. Folgende Daten werden hierbei erhoben:<\/p>\n<p>(1) Registrierter Benutzername<br \/>\n(2) Datum und Uhrzeit des Logins und des Logouts<br \/>\n(3) Datum und Uhrzeit des Downloads<br \/>\n(4) Name der heruntergeladenen Datei<br \/>\n(5) Sucheingaben<\/p>\n<p>Die Daten werden ebenfalls in den Logfiles unseres Systems gespeichert. Eine Verarbeitung dieser Daten zusammen mit anderen personenbezogenen Daten des Mitglieds findet nach der informierten Einwilligung des Mitglieds statt.<\/p>\n<p>Die Erfassung der Daten zur Bereitstellung der Website und die Verarbeitung der Daten in Logfiles ist f\u00fcr den Betrieb des Mitgliederbereichs erforderlich, um eine Beratung und\/oder Unterst\u00fctzung des Mitglieds auch \u00fcber den Mitgliederbereich zu erm\u00f6glichen. Es besteht folglich seitens des Mitglieds keine Widerspruchsm\u00f6glichkeit, au\u00dfer durch L\u00f6schung des Mitgliederaccounts.<\/p>\n<p><strong>5. Welche Rechte k\u00f6nnen Sie geltend machen?<\/strong><\/p>\n<p>Jede betroffene Person hat das Recht auf Auskunft nach Artikel 15 DSGVO, das Recht auf Berichtigung nach Artikel 16 DSGVO, das Recht auf L\u00f6schung nach Artikel 17 DSGVO, das Recht auf Einschr\u00e4nkung der Verarbeitung nach Artikel 18 DSGVO, das Recht auf Widerspruch aus Artikel 21 DSGVO sowie das Recht auf Daten\u00fcbertragbarkeit aus Artikel 20 DSGVO. Beim Auskunftsrecht und beim L\u00f6schungsrecht gelten die Einschr\u00e4nkungen nach \u00a7\u00a7 34 und 35 BDSG. Dar\u00fcber hinaus besteht ein Beschwerderecht bei einer zust\u00e4ndigen Datenschutzaufsichtsbeh\u00f6rde (Artikel 77 DSGVO i.V.m. \u00a7 19 BDSG).<\/p>\n<p>Eine erteilte Einwilligung in die Verarbeitung personenbezogener Daten k\u00f6nnen Sie jederzeit uns gegen\u00fcber widerrufen. Dies gilt auch f\u00fcr den Widerruf von Einwilligungserkl\u00e4rungen, die vor der Geltung der DSGVO, also vor dem 25. Mai 2018, uns gegen\u00fcber erteilt worden sind. Bitte beachten Sie, dass der Widerruf erst f\u00fcr die Zukunft wirkt. Verarbeitungen, die vor dem Widerruf erfolgt sind, sind davon nicht betroffen.<\/p>\n<p>Bitte wenden Sie sich diesbez\u00fcglich gerne an unseren Datenschutzbeauftragten.<\/p>\n<p><strong>6. Informationen \u00fcber Ihr Widerspruchsrecht nach Artikel 21 DSGVO<\/strong><\/p>\n<p><strong>Einzelfallbezogenes Widerspruchsrecht<\/strong><br \/>\nSie haben das Recht, aus Gr\u00fcnden, die sich aus Ihrer besonderen Situation ergeben, jederzeit gegen die Verarbeitung Sie betreffender personenbezogener Daten, die aufgrund von Artikel 6 Absatz 1 lit. e DSGVO (Datenverarbeitung im \u00f6ffentlichen Interesse) und Artikel 6 Absatz 1 lit. f DSGVO (Datenverarbeitung auf der Grundlage einer Interessenabw\u00e4gung) erfolgt, Widerspruch einzulegen; dies gilt auch f\u00fcr ein auf diese Bestimmung gest\u00fctztes Profiling im Sinne von Artikel 4 Nr. 4 DSGVO.<br \/>\nLegen Sie Widerspruch ein, werden wir Ihre personenbezogenen Daten nicht mehr verarbeiten, es sei denn, wir k\u00f6nnen zwingende berechtigte Gr\u00fcnde f\u00fcr die Verarbeitung nachweisen, die Ihre Interessen, Rechte und Freiheiten \u00fcberwiegen, oder die Verarbeitung dient der Geltendmachung, Aus\u00fcbung oder Verteidigung von Rechtsanspr\u00fcchen.<\/p>\n<p><strong>Widerspruchsrecht gegen eine Verarbeitung von Daten f\u00fcr Zwecke der Direktwerbung<\/strong><br \/>\nIn Einzelf\u00e4llen verarbeiten wir Ihre personenbezogenen Daten, um Direktwerbung zu betreiben. Sie haben das Recht, jederzeit Widerspruch gegen die Verarbeitung Sie betreffender personenbezogener Daten zum Zwecke derartiger Werbung einzulegen; dies gilt auch f\u00fcr das Profiling, soweit es mit solcher Direktwerbung in Verbindung steht. Widersprechen Sie der Verarbeitung f\u00fcr Zwecke der Direktwerbung, so werden wir Ihre personenbezogenen Daten nicht mehr f\u00fcr diese Zwecke verarbeiten.<\/p>\n<p><strong>Empf\u00e4nger des Widerspruchs<\/strong><br \/>\nDer Widerspruch kann formfrei mit dem Betreff \u201eWiderspruch\u201c unter Angabe Ihres Namens, Ihrer Adresse und Ihres Geburtsdatums erfolgen und sollte gerichtet werden an:<br \/>\nHauptverband Papier- und Kunststoff\u00adverar\u00adbeitung (HPV) e.V.<br \/>\nStefan R\u00f6ssing<br \/>\nChausseestr. 22, 10115 Berlin<\/p>\n<p>T +49 (30) 247 8183-0<br \/>\nM info[at]hpv-ev[.]org<\/p>\n<p><strong>7. Weitere Informationen <\/strong><\/p>\n<p>Wenn Sie Informationen w\u00fcnschen, die Ihnen diese Datenschutzerkl\u00e4rung nicht geben kann oder wenn Sie zu einem bestimmten Punkt weitere Ausk\u00fcnfte w\u00fcnschen, wenden Sie sich bitte an unseren Datenschutzbeauftragten, Herrn Stefan R\u00f6ssing. Dieser hilft Ihnen gerne weiter.<\/p>\n","protected":false},"excerpt":{"rendered":"<p>Datenschutz Mit den folgenden Informationen m\u00f6chten wir Ihnen einen \u00dcberblick \u00fcber die Verarbeitung Ihrer personenbezogenen Daten durch uns und Ihre Rechte aus dem Datenschutzrecht geben. Welche Daten im Einzelnen verarbeitet und in welcher Weise genutzt werden, richtet sich ma\u00dfgeblich nach den beantragten bzw. vereinbarten Dienstleistungen. Daher werden nicht alle Teile dieser Informationen auf Sie zutreffen. [&hellip;]<\/p>\n","protected":false},"author":1,"featured_media":0,"parent":4,"menu_order":8,"comment_status":"closed","ping_status":"closed","template":"","meta":{"footnotes":""},"class_list":["post-14","page","type-page","status-publish","hentry"],"_links":{"self":[{"href":"https:\/\/www.hpv-ev.org\/index.php\/wp-json\/wp\/v2\/pages\/14","targetHints":{"allow":["GET"]}}],"collection":[{"href":"https:\/\/www.hpv-ev.org\/index.php\/wp-json\/wp\/v2\/pages"}],"about":[{"href":"https:\/\/www.hpv-ev.org\/index.php\/wp-json\/wp\/v2\/types\/page"}],"author":[{"embeddable":true,"href":"https:\/\/www.hpv-ev.org\/index.php\/wp-json\/wp\/v2\/users\/1"}],"replies":[{"embeddable":true,"href":"https:\/\/www.hpv-ev.org\/index.php\/wp-json\/wp\/v2\/comments?post=14"}],"version-history":[{"count":6,"href":"https:\/\/www.hpv-ev.org\/index.php\/wp-json\/wp\/v2\/pages\/14\/revisions"}],"predecessor-version":[{"id":7468,"href":"https:\/\/www.hpv-ev.org\/index.php\/wp-json\/wp\/v2\/pages\/14\/revisions\/7468"}],"up":[{"embeddable":true,"href":"https:\/\/www.hpv-ev.org\/index.php\/wp-json\/wp\/v2\/pages\/4"}],"wp:attachment":[{"href":"https:\/\/www.hpv-ev.org\/index.php\/wp-json\/wp\/v2\/media?parent=14"}],"curies":[{"name":"wp","href":"https:\/\/api.w.org\/{rel}","templated":true}]}}